{"id":3,"date":"2025-10-13T12:50:34","date_gmt":"2025-10-13T09:50:34","guid":{"rendered":"http:\/\/bordorezidences.lv\/?page_id=3"},"modified":"2026-02-17T19:12:37","modified_gmt":"2026-02-17T17:12:37","slug":"privatuma-politika","status":"publish","type":"page","link":"https:\/\/suncoast.lv\/en\/privacy-policy\/","title":{"rendered":"Privacy Policy"},"content":{"rendered":"<p><style>@media (min-width: 992px) { .liquid-row-responsive-69ea1413bf6da {padding-top:180px !important;  }  }    <\/style><section data-row-bg=\"https:\/\/suncoast.lv\/wp-content\/uploads\/2026\/01\/page_bg_new.jpg?id=6967\" data-bg-image=\"url\" class=\"vc_row vc_custom_1768928234482 liquid-row-responsive-69ea1413bf6da liquid-row-shadowbox-69ea1413bf702 vc_row-has-fill vc_row-has-bg lqd-has-bg-markup row-bg-appended\"><span class=\"row-bg-loader\"><\/span><div class=\"row-bg-wrap\">\n\t\t<div class=\"row-bg-inner\">\n\t\t\t<figure class=\"row-bg\" ><\/figure>\n\t\t<\/div>\n\t<\/div><div class=\"liquid-row-overlay\" style=\"background:rgba(0, 0, 0, 0.5)\"><\/div><div class=\"ld-container container\"><div class=\"row ld-row ld-row-outer\"><div class=\"wpb_column vc_column_container vc_col-sm-12 vc_col-md-offset-3 vc_col-md-6 text-center liquid-column-69ea1413bfb09\"><div class=\"vc_column-inner\" ><div class=\"wpb_wrapper\"  data-custom-animations=\"true\" data-ca-options='{\"triggerHandler\":\"inview\",\"animationTarget\":\"all-childs\",\"duration\":\"1600\",\"delay\":\"160\",\"ease\":\"power4.out\",\"direction\":\"forward\",\"initValues\":{\"y\":70,\"transformOriginX\":50,\"transformOriginY\":50,\"transformOriginZ\":\"0px\",\"opacity\":0},\"animations\":{\"y\":0,\"transformOriginX\":50,\"transformOriginY\":50,\"transformOriginZ\":\"0px\",\"opacity\":1}}'><style>.ld_fancy_heading_69ea1413bfcdd h2{color:rgb(255, 255, 255);}.ld_fancy_heading_69ea1413bfcdd h2 {margin-bottom:30px !important;  } .ld_fancy_heading_69ea1413bfcdd .lqd-highlight-inner svg{height:0.275em!important;fill:rgb(237, 32, 125)!important;}.ld_fancy_heading_69ea1413bfcdd h2 {margin-bottom:30px !important;  } .ld_fancy_heading_69ea1413bfcdd .lqd-highlight-inner{bottom:5px!important;}.ld_fancy_heading_69ea1413bfcdd h2 {margin-bottom:30px !important;  } <\/style><div class=\"ld-fancy-heading mask-text text-uppercase ld_fancy_heading_69ea1413bfcdd\">\n\t<h2 class=\"ld-fh-element lqd-highlight-custom-underline lqd-highlight-grow-left text-decoration-default lqd-split-lines\"   data-split-text=\"true\" data-split-options='{\"type\":\"lines\"}'>  Privacy Policy<\/h2><\/div><\/div><\/div><\/div><\/div><\/div><\/section><section class=\"vc_row vc_custom_1768915232475 liquid-row-shadowbox-69ea1413c00d3\"><div class=\"ld-container container\"><div class=\"row ld-row ld-row-outer\"><div class=\"wpb_column vc_column_container vc_col-sm-12 vc_col-md-offset-2 vc_col-md-8 liquid-column-69ea1413c02d1\"><div class=\"vc_column-inner\" ><div class=\"wpb_wrapper\"  >\n\t<div class=\"wpb_text_column wpb_content_element  vc_custom_1706873210009\" >\n\t\t<div class=\"wpb_wrapper\">\n\t\t\t<p>SIA \u201cKUMOSI\u0145I\u201d (re\u0123istr\u0113ts Latvijas Republikas Uz\u0146\u0113mumu re\u0123istr\u0101, re\u0123.nr.: 40103274353, juridisk\u0101 adrese: Le\u0146\u0137a iela 9, R\u012bga, LV-1006) (turpm\u0101k \u2013 SIA \u201cKUMOSI\u0145I\u201d), ir P\u0101rzinis, kas izpilda Eiropas Savien\u012bbas Visp\u0101r\u012bg\u0101s datu aizsardz\u012bbas regulas Nr.2016\/679 pras\u012bbas Latvij\u0101.<\/p>\n<p>\u0160\u012b Priv\u0101tuma politika izskaidro, k\u0101 SIA \u201cKUMOSI\u0145I\u201d apstr\u0101d\u0101 personas datus, kad tiek izmantoti m\u016bsu pakalpojumi. \u0160\u012b politika attiecas uz visa veida personas datu apstr\u0101di, ko SIA \u201cKUMOSI\u0145I\u201d iev\u0101c no m\u0101jaslap\u0101m, e-pastu sarakstes, l\u012bgumiem un citiem avotiem.<\/p>\n\n\t\t<\/div>\n\t<\/div>\n<style>.ld_fancy_heading_69ea1413c0864 h3 {padding-bottom:20px !important;  } .ld_fancy_heading_69ea1413c0864 .lqd-highlight-inner{height:0.275em!important;bottom:0px!important;}.ld_fancy_heading_69ea1413c0864 h3 {padding-bottom:20px !important;  } <\/style><div class=\"ld-fancy-heading ld_fancy_heading_69ea1413c0864\">\n\t<h3 class=\"ld-fh-element lqd-highlight-underline lqd-highlight-grow-left text-decoration-default\"   >  Personas datu iev\u0101k\u0161ana un izmanto\u0161ana<\/h3><\/div>\n\t<div class=\"wpb_text_column wpb_content_element  vc_custom_1704983891749\" >\n\t\t<div class=\"wpb_wrapper\">\n\t\t\t<p>J\u016bs esat inform\u0113ts, ka lietojot interneta vietni <a href=\"https:\/\/suncoast.lv\">https:\/\/suncoast.lv<\/a>, SIA \u201cKUMOSI\u0145I\u201d vai jebkura tre\u0161\u0101 persona, kas darbojas <a href=\"https:\/\/suncoast.lv\">https:\/\/suncoast.lv<\/a> v\u0101rd\u0101, var apkopot un uzglab\u0101t datus, kas \u013cauj izsekot un uzskait\u012bt:<\/p>\n<ol>\n<li style=\"list-style-type: none;\">\n<ol>\n<li>t\u012bmek\u013ca viet\u0146u kop\u0113jo apmekl\u0113jumu skaitu;<\/li>\n<li>katras konkr\u0113t\u0101s t\u012bmek\u013ca vietnes apmekl\u0113t\u0101ju skaitu;<\/li>\n<li><a href=\"https:\/\/suncoast.lv.lv\">https:\/\/suncoast.lv<\/a> apmekl\u0113t\u0101ju interneta pakalpojumu sniedz\u0113ju dom\u0113na v\u0101rdus;<\/li>\n<li>4. IP adreses;<\/li>\n<li>citus datus, kurus izmanto sist\u0113mu administr\u0113\u0161anas nol\u016bkos, k\u0101 ar\u012b, lai kontrol\u0113tu interneta vietnes <a href=\"https:\/\/suncoast.lv\">https:\/\/suncoast.lv<\/a> izmanto\u0161anu un organiz\u0113tu t\u0101s uzlabo\u0161anu.<\/li>\n<\/ol>\n<\/li>\n<\/ol>\n\n\t\t<\/div>\n\t<\/div>\n<style>.ld_fancy_heading_69ea1413c0b08 h3 {padding-bottom:20px !important;  } .ld_fancy_heading_69ea1413c0b08 .lqd-highlight-inner{height:0.275em!important;bottom:0px!important;}.ld_fancy_heading_69ea1413c0b08 h3 {padding-bottom:20px !important;  } <\/style><div class=\"ld-fancy-heading ld_fancy_heading_69ea1413c0b08\">\n\t<h3 class=\"ld-fh-element lqd-highlight-underline lqd-highlight-grow-left text-decoration-default\"   >  Personas datu apstr\u0101des m\u0113r\u0137i un tiesiskie pamati<\/h3><\/div>\n\t<div class=\"wpb_text_column wpb_content_element  vc_custom_1704983922444\" >\n\t\t<div class=\"wpb_wrapper\">\n\t\t\t<p>SIA \u201cKUMOSI\u0145I\u201d apstr\u0101d\u0101 personas datus galvenok\u0101rt \u0161\u0101diem m\u0113r\u0137iem:<\/p>\n<ul>\n<li>Pakalpojumu un distances l\u012bgumu, r\u0113\u0137inu sagatavo\u0161ana, nosl\u0113g\u0161ana un izs\u016bt\u012b\u0161ana<\/li>\n<li>Efekt\u012bvu uz\u0146\u0113muma p\u0101rvald\u012bbas procesu nodro\u0161in\u0101\u0161ana<\/li>\n<li>Biznesa pl\u0101no\u0161ana un anal\u012btika<\/li>\n<li>Person\u0101la atlase un vad\u012bba<\/li>\n<li>Pieteikumu izskat\u012b\u0161ana un apstr\u0101de<\/li>\n<li>Jaunumu izs\u016bt\u012b\u0161ana<\/li>\n<\/ul>\n<p>&nbsp;<\/p>\n<p>SIA \u201cKUMOSI\u0145I\u201d apstr\u0101d\u0101 personas datus uz \u0161\u0101diem tiesiskajiem pamatiem:<\/p>\n<ul>\n<li>Ar normat\u012bvo aktu noteikta juridisk\u0101 pien\u0101kuma izpilde<\/li>\n<li>Le\u0123it\u012bm\u0101s intereses nodro\u0161in\u0101\u0161anai<\/li>\n<li>L\u012bguma nosl\u0113g\u0161anai vai izpildei<\/li>\n<li>Datu subjekta piekri\u0161ana<\/li>\n<\/ul>\n\n\t\t<\/div>\n\t<\/div>\n<style>.ld_fancy_heading_69ea1413c0d1c h3 {padding-bottom:20px !important;  } .ld_fancy_heading_69ea1413c0d1c .lqd-highlight-inner{height:0.275em!important;bottom:0px!important;}.ld_fancy_heading_69ea1413c0d1c h3 {padding-bottom:20px !important;  } <\/style><div class=\"ld-fancy-heading ld_fancy_heading_69ea1413c0d1c\">\n\t<h3 class=\"ld-fh-element lqd-highlight-underline lqd-highlight-grow-left text-decoration-default\"   >  Personas datu glab\u0101\u0161anas ilgums<\/h3><\/div>\n\t<div class=\"wpb_text_column wpb_content_element  vc_custom_1704983979995\" >\n\t\t<div class=\"wpb_wrapper\">\n\t\t\t<p>SIA \u201cKUMOSI\u0145IP\u201d glab\u0101 personas datus atbilsto\u0161i defin\u0113tajiem personas datu apstr\u0101des m\u0113r\u0137iem un normat\u012bvo aktu pras\u012bb\u0101m, kam\u0113r past\u0101v vismaz viens no \u0161iem krit\u0113rijiem:<\/p>\n<ul>\n<li>kam\u0113r \u0101r\u0113jos normat\u012bvajos aktos noteiktaj\u0101 k\u0101rt\u012bb\u0101 SIA \u201cKUMOSI\u0145I\u201d var realiz\u0113t savas le\u0123it\u012bm\u0101s intereses;<\/li>\n<li>kam\u0113r SIA \u201cKUMOSI\u0145I\u201d past\u0101v juridisks pien\u0101kums datus glab\u0101t saska\u0146\u0101 ar normat\u012bvajiem aktiem;<\/li>\n<li>kam\u0113r ir sp\u0113k\u0101 datu subjekta piekri\u0161ana attiec\u012bgai personas datu apstr\u0101dei, ja nepast\u0101v cits datu apstr\u0101des likum\u012bgs pamats.<\/li>\n<\/ul>\n\n\t\t<\/div>\n\t<\/div>\n<style>.ld_fancy_heading_69ea1413c0eef h2 {padding-bottom:20px !important;  } .ld_fancy_heading_69ea1413c0eef .lqd-highlight-inner{height:0.275em!important;bottom:0px!important;}.ld_fancy_heading_69ea1413c0eef h2 {padding-bottom:20px !important;  } <\/style><div class=\"ld-fancy-heading ld_fancy_heading_69ea1413c0eef\">\n\t<h2 class=\"ld-fh-element lqd-highlight-underline lqd-highlight-grow-left text-decoration-default\"   >  S\u012bkdatnes<\/h2><\/div>\n\t<div class=\"wpb_text_column wpb_content_element  vc_custom_1704984017891\" >\n\t\t<div class=\"wpb_wrapper\">\n\t\t\t<p>S\u012bkdatnes ir teksta datne, kas tiek ievietota m\u0101jaslapas lietot\u0101ja datora p\u0101rl\u016bkprogramm\u0101, lai uzlabotu m\u0101jaslapas darb\u012bbu. Saglab\u0101tas s\u012bkdatnes \u013cauj mums atpaz\u012bt j\u016bsu datoru. Atk\u0101rtoti apmekl\u0113jot SIA \u201cKUMOSI\u0145I\u201d m\u0101jaslapu un, izmantojot tikai ar paroli pieejamas m\u0101jaslapas sada\u013cas, s\u012bkdatnes \u013cauj izvair\u012bties no atk\u0101rtotas datu ievades.<\/p>\n\n\t\t<\/div>\n\t<\/div>\n<style>.ld_fancy_heading_69ea1413c1112 h3 {padding-bottom:20px !important;  } .ld_fancy_heading_69ea1413c1112 .lqd-highlight-inner{height:0.275em!important;bottom:0px!important;}.ld_fancy_heading_69ea1413c1112 h3 {padding-bottom:20px !important;  } <\/style><div class=\"ld-fancy-heading ld_fancy_heading_69ea1413c1112\">\n\t<h3 class=\"ld-fh-element lqd-highlight-underline lqd-highlight-grow-left text-decoration-default\"   >  K\u0101p\u0113c SIA \u201cKUMOSI\u0145I\u201d izmanto s\u012bkdatnes?<\/h3><\/div>\n\t<div class=\"wpb_text_column wpb_content_element  vc_custom_1704984203842\" >\n\t\t<div class=\"wpb_wrapper\">\n\t\t\t<p>SIA \u201cKUMOSI\u0145I\u201d izmanto s\u012bkdatnes \u0161\u0101diem m\u0113r\u0137iem:<br \/>\nsesiju p\u0101rvald\u012bbai un lietot\u0101ju autentifik\u0101cijai;<\/p>\n<ul>\n<li>m\u0101jaslapas funkcionalit\u0101tes nodro\u0161in\u0101\u0161anai;<\/li>\n<li>ieg\u016btu statistikas datus par lapas apmekl\u0113t\u0101ju pl\u016bsmu \u2013 apmekl\u0113t\u0101ju skaitu, lap\u0101 pavad\u012bto laiku;<\/li>\n<li>uzlabotu vietnes darb\u012bbas efektivit\u0101ti.<\/li>\n<\/ul>\n\n\t\t<\/div>\n\t<\/div>\n\n\t<div class=\"wpb_text_column wpb_content_element  vc_custom_1704984330519\" >\n\t\t<div class=\"wpb_wrapper\">\n\t\t\t<p>SIA \u201cKUMOSI\u0145I\u201d izmanto s\u012bkdatnes \u0161\u0101diem m\u0113r\u0137iem:<\/p>\n<ul>\n<li>sesiju p\u0101rvald\u012bbai un lietot\u0101ju autentifik\u0101cijai;<\/li>\n<li>m\u0101jaslapas funkcionalit\u0101tes nodro\u0161in\u0101\u0161anai;<\/li>\n<li>ieg\u016btu statistikas datus par lapas apmekl\u0113t\u0101ju pl\u016bsmu \u2013 apmekl\u0113t\u0101ju skaitu, lap\u0101 pavad\u012bto laiku;<\/li>\n<li>uzlabotu vietnes darb\u012bbas efektivit\u0101ti.<\/li>\n<\/ul>\n<p><span style=\"font-weight: 400;\">S\u012bkdat\u0146u ietvaros veikt\u0101s personas datu apstr\u0101des tiesiskais pamats ir SIA \u201cKUMOSI\u0145I\u201d le\u0123it\u012bm\u0101 interese.<\/span><\/p>\n<p><span style=\"font-weight: 400;\">SIA \u201cKUMOSI\u0145I\u201d neizmanto s\u012bkdatnes, lai veiktu lietot\u0101ju paradumu izseko\u0161anu, t\u0101p\u0113c SIA \u201cKUMOSI\u0145I\u201d inform\u0113 par s\u012bkdat\u0146u izmanto\u0161anu, bet neprasa J\u016bsu piekri\u0161anu s\u012bkdat\u0146u ievieto\u0161anai atbilsto\u0161i likuma pras\u012bb\u0101m.<\/span><\/p>\n<p><span style=\"font-weight: 400;\">SIA \u201eKUMOSI\u0145I\u201d nesaista lietot\u0101ja IP adresi un e-pasta adresi ar datiem, kas \u013cauj identific\u0113t \u0161o lietot\u0101ju. Tas noz\u012bm\u0113, ka katra lietot\u0101ja sesija tiks re\u0123istr\u0113ta, ta\u010du interneta vietnes <\/span><a href=\"https:\/\/suncoast.lv\/\"><span style=\"font-weight: 400;\">suncoast.lv<\/span><\/a><span style=\"font-weight: 400;\"> lietot\u0101js paliks anon\u012bms.<\/span><\/p>\n\n\t\t<\/div>\n\t<\/div>\n<style>.ld_fancy_heading_69ea1413c13c7 h3 {padding-bottom:20px !important;  } .ld_fancy_heading_69ea1413c13c7 .lqd-highlight-inner{height:0.275em!important;bottom:0px!important;}.ld_fancy_heading_69ea1413c13c7 h3 {padding-bottom:20px !important;  } <\/style><div class=\"ld-fancy-heading ld_fancy_heading_69ea1413c13c7\">\n\t<h3 class=\"ld-fh-element lqd-highlight-underline lqd-highlight-grow-left text-decoration-default\"   >  Tre\u0161o personu s\u012bkdatnes<\/h3><\/div>\n\t<div class=\"wpb_text_column wpb_content_element  vc_custom_1704984378053\" >\n\t\t<div class=\"wpb_wrapper\">\n\t\t\t<p>SIA \u201cKUMOSI\u0145I\u201d m\u0101jaslap\u0101 var b\u016bt tre\u0161o personu s\u012bkdatnes, it \u012bpa\u0161i, Google Analytics. Google Analytics r\u012bku nodro\u0161ina Google Inc. (ASV uz\u0146\u0113mums), kuram ir piek\u013cuve \u0161\u012b r\u012bka v\u0101ktajiem statistikas datiem.<\/p>\n\n\t\t<\/div>\n\t<\/div>\n<style>.ld_fancy_heading_69ea1413c1665 h3 {padding-bottom:20px !important;  } .ld_fancy_heading_69ea1413c1665 .lqd-highlight-inner{height:0.275em!important;bottom:0px!important;}.ld_fancy_heading_69ea1413c1665 h3 {padding-bottom:20px !important;  } <\/style><div class=\"ld-fancy-heading ld_fancy_heading_69ea1413c1665\">\n\t<h3 class=\"ld-fh-element lqd-highlight-underline lqd-highlight-grow-left text-decoration-default\"   >  S\u012bkdat\u0146u kontrole<\/h3><\/div>\n\t<div class=\"wpb_text_column wpb_content_element  vc_custom_1704984470132\" >\n\t\t<div class=\"wpb_wrapper\">\n\t\t\t<p>Datu subjekts var dz\u0113st s\u012bkdatnes p\u0113c savas izv\u0113les.<\/p>\n<p>J\u016bs varat dz\u0113st visas s\u012bkdatnes, kas jau ir saglab\u0101tas J\u016bsu dator\u0101, un var noteikt, lai p\u0101rl\u016bkprogramma ne\u013cauj t\u0101s saglab\u0101t. Bet t\u0101d\u0101 gad\u012bjum\u0101 ir manu\u0101li j\u0101nor\u0101da izv\u0113le katru reizi, kad apmekl\u0113jat vietni, un da\u017ei pakalpojumi un m\u0101jas lapas funkcijas var nedarboties.<\/p>\n\n\t\t<\/div>\n\t<\/div>\n<style>.ld_fancy_heading_69ea1413c18de h3 {padding-bottom:20px !important;  } .ld_fancy_heading_69ea1413c18de .lqd-highlight-inner{height:0.275em!important;bottom:0px!important;}.ld_fancy_heading_69ea1413c18de h3 {padding-bottom:20px !important;  } <\/style><div class=\"ld-fancy-heading ld_fancy_heading_69ea1413c18de\">\n\t<h3 class=\"ld-fh-element lqd-highlight-underline lqd-highlight-grow-left text-decoration-default\"   >  Personas datu sa\u0146\u0113m\u0113ji<\/h3><\/div>\n\t<div class=\"wpb_text_column wpb_content_element  vc_custom_1704984540873\" >\n\t\t<div class=\"wpb_wrapper\">\n\t\t\t<p>Likum\u0101 noteiktos gad\u012bjumos SIA \u201cKUMOSI\u0145I\u201d var nodot inform\u0101ciju tre\u0161aj\u0101m person\u0101m. T\u0101pat SIA \u201cKUMOSI\u0145I\u201d var izmantot \u0101rpakalpojumus, lai nodro\u0161in\u0101tu efekt\u012bv\u0101ku savu funkciju veik\u0161anu.<\/p>\n<p>SIA \u201eKUMOSI\u0145I\u201d interneta vietn\u0113 suncoast.lv apkopotos un uzkr\u0101tos datus, informat\u012bvos nol\u016bkos un statistikas veik\u0161anas nol\u016bkos ir ties\u012bga nodot ar\u012b citiem uz\u0146\u0113mumiem. Dati, kas \u013cautu identific\u0113t personu, \u0161aj\u0101 proces\u0101 netiek atkl\u0101ti un netiek nodoti tre\u0161aj\u0101m person\u0101m.<\/p>\n<p>Personas dati netiek nodoti uz tre\u0161aj\u0101m valst\u012bm.<\/p>\n\n\t\t<\/div>\n\t<\/div>\n<style>.ld_fancy_heading_69ea1413c1ab1 h3 {padding-bottom:20px !important;  } .ld_fancy_heading_69ea1413c1ab1 .lqd-highlight-inner{height:0.275em!important;bottom:0px!important;}.ld_fancy_heading_69ea1413c1ab1 h3 {padding-bottom:20px !important;  } <\/style><div class=\"ld-fancy-heading ld_fancy_heading_69ea1413c1ab1\">\n\t<h3 class=\"ld-fh-element lqd-highlight-underline lqd-highlight-grow-left text-decoration-default\"   >  Piek\u013cuve saviem personas datiem un citas datu subjekta ties\u012bbas<\/h3><\/div>\n\t<div class=\"wpb_text_column wpb_content_element  vc_custom_1704984591106\" >\n\t\t<div class=\"wpb_wrapper\">\n\t\t\t<p>Lai sa\u0146emtu inform\u0101ciju par personas datiem, kurus SIA \u201cKUMOSI\u0145I\u201d par Jums apstr\u0101d\u0101, Jums ir j\u0101iesniedz iesniegums: rakstveid\u0101, iesniedzot SIA \u201cKUMOSI\u0145I\u201d biroj\u0101 Le\u0146\u0137a iela 9, R\u012bg\u0101, uzr\u0101dot personu apliecino\u0161u dokumentu.<\/p>\n<p>Datu subjektam ir ties\u012bbas piepras\u012bt personas datu dz\u0113\u0161anu, personas datu apstr\u0101des ierobe\u017eo\u0161anu, iebilst pret personas datu apstr\u0101di, l\u016bgt personas datu labo\u0161anu atbilsto\u0161i Regulas noteikumiem.<\/p>\n<p>SIA \u201cKUMOSI\u0145I\u201d veic sazi\u0146u ar datu subjektu, izmantojot datu subjekta nor\u0101d\u012bto kontaktinform\u0101ciju (telefona numuru, e-pasta adresi, adresi).<\/p>\n<p>Ja Jums \u0161\u0137iet, ka J\u016bsu ties\u012bbas uz personas datu aizsardz\u012bbu ir p\u0101rk\u0101ptas, J\u016bs varat iesniegt s\u016bdz\u012bbu personas datu uzraudz\u012bbas iest\u0101dei.<\/p>\n\n\t\t<\/div>\n\t<\/div>\n<style>.ld_fancy_heading_69ea1413c1c6d h3 {padding-bottom:20px !important;  } .ld_fancy_heading_69ea1413c1c6d .lqd-highlight-inner{height:0.275em!important;bottom:0px!important;}.ld_fancy_heading_69ea1413c1c6d h3 {padding-bottom:20px !important;  } <\/style><div class=\"ld-fancy-heading ld_fancy_heading_69ea1413c1c6d\">\n\t<h3 class=\"ld-fh-element lqd-highlight-underline lqd-highlight-grow-left text-decoration-default\"   >  Ties\u012bbas atsaukt piekri\u0161anu<\/h3><\/div>\n\t<div class=\"wpb_text_column wpb_content_element  vc_custom_1704984647781\" >\n\t\t<div class=\"wpb_wrapper\">\n\t\t\t<p>Ja personas datu apstr\u0101de ir uzs\u0101kta un notiek saska\u0146\u0101 ar datu subjekta piekri\u0161anu, datu subjektam ir ties\u012bbas to atsaukt, s\u016btot atsaukumu uz epastu: <a href=\"mailto:info@suncoast.lv\">info@suncoast.lv<\/a><\/p>\n<p>Piekri\u0161anas atsaukums neietekm\u0113 datu apstr\u0101des, kuras veiktas taj\u0101 laik\u0101, kad Klienta piekri\u0161ana bija sp\u0113k\u0101. Atsaucot piekri\u0161anu, nevar tikt p\u0101rtraukta datu apstr\u0101de, kuru veic, pamatojoties uz citiem tiesiskiem pamatiem.<\/p>\n<p>Lietot\u0101jam ir ties\u012bbas dz\u0113st savu profilu, par to ats\u016btot piepras\u012bjumu uz epastu: <a href=\"mailto:info@suncoast.lv\">info@suncoast.lv<\/a> . \u0160\u0101d\u0101 gad\u012bjum\u0101 piepras\u012bjums tiek pie\u0146emts tikai, ja tas nos\u016bt\u012bts no t\u0101 pa\u0161a epasta, uz kuru re\u0123istr\u0113ts lietot\u0101ja profils.<\/p>\n\n\t\t<\/div>\n\t<\/div>\n<style>.ld_fancy_heading_69ea1413c1e28 h3 {padding-bottom:20px !important;  } .ld_fancy_heading_69ea1413c1e28 .lqd-highlight-inner{height:0.275em!important;bottom:0px!important;}.ld_fancy_heading_69ea1413c1e28 h3 {padding-bottom:20px !important;  } <\/style><div class=\"ld-fancy-heading ld_fancy_heading_69ea1413c1e28\">\n\t<h3 class=\"ld-fh-element lqd-highlight-underline lqd-highlight-grow-left text-decoration-default\"   >  Izmai\u0146as Priv\u0101tuma politik\u0101<\/h3><\/div>\n\t<div class=\"wpb_text_column wpb_content_element  vc_custom_1704984705295\" >\n\t\t<div class=\"wpb_wrapper\">\n\t\t\t<p>SIA \u201cKUMOSI\u0145I\u201d ir ties\u012bbas jebkur\u0101 br\u012bd\u012b izdar\u012bt izmai\u0146as, kuras tiek public\u0113tas interneta vietn\u0113 <a href=\"https:\/\/suncoast.lv\">https:\/\/suncoast.lv.<\/a><\/p>\n\n\t\t<\/div>\n\t<\/div>\n<\/div><\/div><\/div><\/div><\/div><\/section>","protected":false},"excerpt":{"rendered":"Priv\u0101tuma politika SIA \u201cKUMOSI\u0145I\u201d (re\u0123istr\u0113ts Latvijas Republikas Uz\u0146\u0113mumu re\u0123istr\u0101, re\u0123.nr.: 40103274353, juridisk\u0101 adrese: Le\u0146\u0137a iela 9, R\u012bga, LV-1006) (turpm\u0101k \u2013 SIA \u201cKUMOSI\u0145I\u201d), ir P\u0101rzinis, kas izpilda Eiropas Savien\u012bbas Visp\u0101r\u012bg\u0101s datu aizsardz\u012bbas regulas Nr.2016\/679 pras\u012bbas Latvij\u0101. \u0160\u012b Priv\u0101tuma politika izskaidro, k\u0101 SIA \u201cKUMOSI\u0145I\u201d apstr\u0101d\u0101 personas datus, kad tiek izmantoti m\u016bsu pakalpojumi. \u0160\u012b politika attiecas uz visa [...]","protected":false},"author":1,"featured_media":0,"parent":0,"menu_order":0,"comment_status":"closed","ping_status":"open","template":"","meta":{"footnotes":""},"class_list":["post-3","page","type-page","status-publish","hentry"],"yoast_head":"<!-- This site is optimized with the Yoast SEO plugin v27.4 - https:\/\/yoast.com\/product\/yoast-seo-wordpress\/ -->\n<title>Priv\u0101tuma politika - Sun Coast<\/title>\n<meta name=\"robots\" content=\"index, follow, max-snippet:-1, max-image-preview:large, max-video-preview:-1\" \/>\n<link rel=\"canonical\" href=\"https:\/\/suncoast.lv\/en\/privatuma-politika\/\" \/>\n<meta property=\"og:locale\" content=\"en_GB\" \/>\n<meta property=\"og:type\" content=\"article\" \/>\n<meta property=\"og:title\" content=\"Priv\u0101tuma politika - Sun Coast\" \/>\n<meta property=\"og:url\" content=\"https:\/\/suncoast.lv\/en\/privatuma-politika\/\" \/>\n<meta property=\"og:site_name\" content=\"Sun Coast\" \/>\n<meta property=\"article:modified_time\" content=\"2026-02-17T17:12:37+00:00\" \/>\n<meta name=\"twitter:card\" content=\"summary_large_image\" \/>\n<meta name=\"twitter:label1\" content=\"Estimated reading time\" \/>\n\t<meta name=\"twitter:data1\" content=\"5 minutes\" \/>\n<script type=\"application\/ld+json\" class=\"yoast-schema-graph\">{\"@context\":\"https:\\\/\\\/schema.org\",\"@graph\":[{\"@type\":\"WebPage\",\"@id\":\"https:\\\/\\\/suncoast.lv\\\/privatuma-politika\\\/\",\"url\":\"https:\\\/\\\/suncoast.lv\\\/privatuma-politika\\\/\",\"name\":\"Priv\u0101tuma politika - Sun Coast\",\"isPartOf\":{\"@id\":\"https:\\\/\\\/suncoast.lv\\\/#website\"},\"datePublished\":\"2025-10-13T09:50:34+00:00\",\"dateModified\":\"2026-02-17T17:12:37+00:00\",\"breadcrumb\":{\"@id\":\"https:\\\/\\\/suncoast.lv\\\/privatuma-politika\\\/#breadcrumb\"},\"inLanguage\":\"en-GB\",\"potentialAction\":[{\"@type\":\"ReadAction\",\"target\":[\"https:\\\/\\\/suncoast.lv\\\/privatuma-politika\\\/\"]}]},{\"@type\":\"BreadcrumbList\",\"@id\":\"https:\\\/\\\/suncoast.lv\\\/privatuma-politika\\\/#breadcrumb\",\"itemListElement\":[{\"@type\":\"ListItem\",\"position\":1,\"name\":\"Home\",\"item\":\"https:\\\/\\\/suncoast.lv\\\/\"},{\"@type\":\"ListItem\",\"position\":2,\"name\":\"Priv\u0101tuma politika\"}]},{\"@type\":\"WebSite\",\"@id\":\"https:\\\/\\\/suncoast.lv\\\/#website\",\"url\":\"https:\\\/\\\/suncoast.lv\\\/\",\"name\":\"Sun Coast\",\"description\":\"Dizainiski apartamenti Saulkrastos\",\"publisher\":{\"@id\":\"https:\\\/\\\/suncoast.lv\\\/#organization\"},\"potentialAction\":[{\"@type\":\"SearchAction\",\"target\":{\"@type\":\"EntryPoint\",\"urlTemplate\":\"https:\\\/\\\/suncoast.lv\\\/?s={search_term_string}\"},\"query-input\":{\"@type\":\"PropertyValueSpecification\",\"valueRequired\":true,\"valueName\":\"search_term_string\"}}],\"inLanguage\":\"en-GB\"},{\"@type\":\"Organization\",\"@id\":\"https:\\\/\\\/suncoast.lv\\\/#organization\",\"name\":\"Sun Coast\",\"url\":\"https:\\\/\\\/suncoast.lv\\\/\",\"logo\":{\"@type\":\"ImageObject\",\"inLanguage\":\"en-GB\",\"@id\":\"https:\\\/\\\/suncoast.lv\\\/#\\\/schema\\\/logo\\\/image\\\/\",\"url\":\"\",\"contentUrl\":\"\",\"caption\":\"Sun Coast\"},\"image\":{\"@id\":\"https:\\\/\\\/suncoast.lv\\\/#\\\/schema\\\/logo\\\/image\\\/\"}}]}<\/script>\n<!-- \/ Yoast SEO plugin. -->","yoast_head_json":{"title":"Priv\u0101tuma politika - Sun Coast","robots":{"index":"index","follow":"follow","max-snippet":"max-snippet:-1","max-image-preview":"max-image-preview:large","max-video-preview":"max-video-preview:-1"},"canonical":"https:\/\/suncoast.lv\/en\/privatuma-politika\/","og_locale":"en_GB","og_type":"article","og_title":"Priv\u0101tuma politika - Sun Coast","og_url":"https:\/\/suncoast.lv\/en\/privatuma-politika\/","og_site_name":"Sun Coast","article_modified_time":"2026-02-17T17:12:37+00:00","twitter_card":"summary_large_image","twitter_misc":{"Estimated reading time":"5 minutes"},"schema":{"@context":"https:\/\/schema.org","@graph":[{"@type":"WebPage","@id":"https:\/\/suncoast.lv\/privatuma-politika\/","url":"https:\/\/suncoast.lv\/privatuma-politika\/","name":"Priv\u0101tuma politika - Sun Coast","isPartOf":{"@id":"https:\/\/suncoast.lv\/#website"},"datePublished":"2025-10-13T09:50:34+00:00","dateModified":"2026-02-17T17:12:37+00:00","breadcrumb":{"@id":"https:\/\/suncoast.lv\/privatuma-politika\/#breadcrumb"},"inLanguage":"en-GB","potentialAction":[{"@type":"ReadAction","target":["https:\/\/suncoast.lv\/privatuma-politika\/"]}]},{"@type":"BreadcrumbList","@id":"https:\/\/suncoast.lv\/privatuma-politika\/#breadcrumb","itemListElement":[{"@type":"ListItem","position":1,"name":"Home","item":"https:\/\/suncoast.lv\/"},{"@type":"ListItem","position":2,"name":"Priv\u0101tuma politika"}]},{"@type":"WebSite","@id":"https:\/\/suncoast.lv\/#website","url":"https:\/\/suncoast.lv\/","name":"Sun Coast","description":"Dizainiski apartamenti Saulkrastos","publisher":{"@id":"https:\/\/suncoast.lv\/#organization"},"potentialAction":[{"@type":"SearchAction","target":{"@type":"EntryPoint","urlTemplate":"https:\/\/suncoast.lv\/?s={search_term_string}"},"query-input":{"@type":"PropertyValueSpecification","valueRequired":true,"valueName":"search_term_string"}}],"inLanguage":"en-GB"},{"@type":"Organization","@id":"https:\/\/suncoast.lv\/#organization","name":"Sun Coast","url":"https:\/\/suncoast.lv\/","logo":{"@type":"ImageObject","inLanguage":"en-GB","@id":"https:\/\/suncoast.lv\/#\/schema\/logo\/image\/","url":"","contentUrl":"","caption":"Sun Coast"},"image":{"@id":"https:\/\/suncoast.lv\/#\/schema\/logo\/image\/"}}]}},"_links":{"self":[{"href":"https:\/\/suncoast.lv\/en\/wp-json\/wp\/v2\/pages\/3","targetHints":{"allow":["GET"]}}],"collection":[{"href":"https:\/\/suncoast.lv\/en\/wp-json\/wp\/v2\/pages"}],"about":[{"href":"https:\/\/suncoast.lv\/en\/wp-json\/wp\/v2\/types\/page"}],"author":[{"embeddable":true,"href":"https:\/\/suncoast.lv\/en\/wp-json\/wp\/v2\/users\/1"}],"replies":[{"embeddable":true,"href":"https:\/\/suncoast.lv\/en\/wp-json\/wp\/v2\/comments?post=3"}],"version-history":[{"count":2,"href":"https:\/\/suncoast.lv\/en\/wp-json\/wp\/v2\/pages\/3\/revisions"}],"predecessor-version":[{"id":7560,"href":"https:\/\/suncoast.lv\/en\/wp-json\/wp\/v2\/pages\/3\/revisions\/7560"}],"wp:attachment":[{"href":"https:\/\/suncoast.lv\/en\/wp-json\/wp\/v2\/media?parent=3"}],"curies":[{"name":"wp","href":"https:\/\/api.w.org\/{rel}","templated":true}]}}