{"id":5411,"date":"2025-11-04T16:08:59","date_gmt":"2025-11-04T14:08:59","guid":{"rendered":"https:\/\/bordorezidences.lv\/?page_id=5411"},"modified":"2026-02-17T18:33:09","modified_gmt":"2026-02-17T16:33:09","slug":"stavu-plani","status":"publish","type":"page","link":"https:\/\/suncoast.lv\/en\/floor-plans\/","title":{"rendered":"Floor plans"},"content":{"rendered":"<p><style>@media (min-width: 992px) { .liquid-row-responsive-69ea194cc9f77 {padding-top:180px !important;  }  }    <\/style><section data-row-bg=\"https:\/\/suncoast.lv\/wp-content\/uploads\/2026\/01\/page_bg_new.jpg?id=6967\" data-bg-image=\"url\" class=\"vc_row vc_custom_1768928242919 liquid-row-responsive-69ea194cc9f77 liquid-row-shadowbox-69ea194cc9f92 vc_row-has-fill vc_row-has-bg lqd-has-bg-markup row-bg-appended\"><span class=\"row-bg-loader\"><\/span><div class=\"row-bg-wrap\">\n\t\t<div class=\"row-bg-inner\">\n\t\t\t<figure class=\"row-bg\" ><\/figure>\n\t\t<\/div>\n\t<\/div><div class=\"liquid-row-overlay\" style=\"background:rgba(0, 0, 0, 0.5)\"><\/div><div class=\"ld-container container\"><div class=\"row ld-row ld-row-outer\"><div class=\"wpb_column vc_column_container vc_col-sm-12 vc_col-md-offset-3 vc_col-md-6 text-center liquid-column-69ea194cca609\"><div class=\"vc_column-inner\" ><div class=\"wpb_wrapper\"  data-custom-animations=\"true\" data-ca-options='{\"triggerHandler\":\"inview\",\"animationTarget\":\"all-childs\",\"duration\":\"1600\",\"delay\":\"160\",\"ease\":\"power4.out\",\"direction\":\"forward\",\"initValues\":{\"y\":70,\"transformOriginX\":50,\"transformOriginY\":50,\"transformOriginZ\":\"0px\",\"opacity\":0},\"animations\":{\"y\":0,\"transformOriginX\":50,\"transformOriginY\":50,\"transformOriginZ\":\"0px\",\"opacity\":1}}'><style>.ld_fancy_heading_69ea194cca720 h2{color:rgb(255, 255, 255);}.ld_fancy_heading_69ea194cca720 h2 {margin-bottom:30px !important;  } .ld_fancy_heading_69ea194cca720 .lqd-highlight-inner svg{height:0.275em!important;fill:rgb(237, 32, 125)!important;}.ld_fancy_heading_69ea194cca720 h2 {margin-bottom:30px !important;  } .ld_fancy_heading_69ea194cca720 .lqd-highlight-inner{bottom:5px!important;}.ld_fancy_heading_69ea194cca720 h2 {margin-bottom:30px !important;  } <\/style><div class=\"ld-fancy-heading mask-text text-uppercase ld_fancy_heading_69ea194cca720\">\n\t<h2 class=\"ld-fh-element lqd-highlight-custom-underline lqd-highlight-grow-left text-decoration-default lqd-split-lines\"   data-split-text=\"true\" data-split-options='{\"type\":\"lines\"}'>  Floor plans<\/h2><\/div><style>.ld_fancy_heading_69ea194ccaa4c p{color:rgb(255, 255, 255);}.ld_fancy_heading_69ea194ccaa4c p {font-size:16px; } .ld_fancy_heading_69ea194ccaa4c p {line-height:1.5em; } .ld_fancy_heading_69ea194ccaa4c p {--element-line-height:1.5em; } .ld_fancy_heading_69ea194ccaa4c .lqd-highlight-inner{height:0.275em!important;bottom:0px!important;}.ld_fancy_heading_69ea194ccaa4c p {font-size:16px; } .ld_fancy_heading_69ea194ccaa4c p {line-height:1.5em; } .ld_fancy_heading_69ea194ccaa4c p {--element-line-height:1.5em; } <\/style><div class=\"ld-fancy-heading ld_fancy_heading_69ea194ccaa4c\">\n\t<p class=\"ld-fh-element lqd-highlight-underline lqd-highlight-grow-left text-decoration-default lqd-split-lines\"   data-split-text=\"true\" data-split-options='{\"type\":\"lines\"}'>  A unique 25-apartment project in Saulkrasti, on the seashore.<\/p><\/div><\/div><\/div><\/div><\/div><\/div><\/section><section id=\"en-floors\" class=\"vc_row vc_custom_1771345913202 liquid-row-shadowbox-69ea194ccebf5\"><div class=\"ld-container container-fluid\"><div class=\"row ld-row ld-row-outer\"><div class=\"wpb_column vc_column_container vc_col-sm-12 liquid-column-69ea194ccf03e\"><div class=\"vc_column-inner\" ><div class=\"wpb_wrapper\"  ><style><\/style><style>.ld_tabs_69ea194cd1c40 .lqd-tabs-nav > li > a, .ld_tabs_69ea194cd1c40 .lqd-tabs-nav .h3{font-size:16px;text-transform:uppercase;}.ld_tabs_69ea194cd1c40 .lqd-tabs-nav li a .h3{color:inherit;}.ld_tabs_69ea194cd1c40 .lqd-tabs-nav li.active a .h3{color:inherit;}.ld_tabs_69ea194cd1c40 .lqd-tabs-nav a{color:#231f20;background:#dfc08f;border-color:#dfc08f;}.ld_tabs_69ea194cd1c40 .lqd-tabs-nav li.active a{color:#dfc08f;background:#231f20;border-color:#231f20;}<\/style><div class=\"lqd-tabs lqd-tabs-style-9 d-flex lqd-tabs-nav-items-not-expanded flex-column ld_tabs_69ea194cd1c40\" data-tabs-options='{\"deepLink\":true,\"trigger\":\"click\"}'>\n\n\t<nav class=\"lqd-tabs-nav-wrap mb-6\">\n\t\t<ul class=\"reset-ul lqd-tabs-nav d-flex align-items-center flex-wrap justify-content-md-center\" role=\"tablist\"><li data-controls=\"lqd-0\" role=\"presentation\" class=\"ld_tab_section-69ea194ccf189 active\"><a href=\"#lqd-0\" data-bs-target=\"#lqd-0\" aria-expanded=\"false\" aria-controls=\"lqd-0\" role=\"tab\" data-toggle=\"tab\" data-bs-toggle=\"tab\"><span class=\"lqd-tabs-nav-txt\">Relaxation Area<\/span><\/a><\/li><li data-controls=\"lqd-1\" role=\"presentation\" class=\"ld_tab_section-69ea194ccfb4a\"><a href=\"#lqd-1\" data-bs-target=\"#lqd-1\" aria-expanded=\"false\" aria-controls=\"lqd-1\" role=\"tab\" data-toggle=\"tab\" data-bs-toggle=\"tab\"><span class=\"lqd-tabs-nav-txt\">1st floor<\/span><\/a><\/li><li data-controls=\"lqd-2\" role=\"presentation\" class=\"ld_tab_section-69ea194cd0659\"><a href=\"#lqd-2\" data-bs-target=\"#lqd-2\" aria-expanded=\"false\" aria-controls=\"lqd-2\" role=\"tab\" data-toggle=\"tab\" data-bs-toggle=\"tab\"><span class=\"lqd-tabs-nav-txt\">2nd floor<\/span><\/a><\/li><li data-controls=\"lqd-3\" role=\"presentation\" class=\"ld_tab_section-69ea194cd1307\"><a href=\"#lqd-3\" data-bs-target=\"#lqd-3\" aria-expanded=\"false\" aria-controls=\"lqd-3\" role=\"tab\" data-toggle=\"tab\" data-bs-toggle=\"tab\"><span class=\"lqd-tabs-nav-txt\">3rd floor<\/span><\/a><\/li><\/ul>\t\t \n\t<\/nav>\n\n\t<div class=\"lqd-tabs-content\"><div id=\"lqd-0\" role=\"tabpanel\" class=\"lqd-tabs-pane fade active in\"><div class=\"vc_row vc_inner vc_row-fluid liquid-row-shadowbox-69ea194ccf369\"><div class=\"ld-container container-fluid\"><div class=\"row ld-row ld-row-inner\"><div class=\"wpb_column vc_column_container vc_col-sm-12 text-center liquid-column-69ea194ccf6bb\"><div class=\"vc_column-inner vc_custom_1762002052061\" ><div class=\"wpb_wrapper\" >\n\t<div class=\"wpb_raw_code wpb_content_element wpb_raw_html\" >\n\t\t<div class=\"wpb_wrapper\">\n\t\t\t<div><div id=\"image-map-pro-6942de9f-dbe7-4d31-a6c1-b034c8be261f\"><\/div><\/div>\n\t\t<\/div>\n\t<\/div>\n<\/div><\/div><\/div><\/div><\/div><\/div><\/div><div id=\"lqd-1\" role=\"tabpanel\" class=\"lqd-tabs-pane fade\"><div class=\"vc_row vc_inner vc_row-fluid liquid-row-shadowbox-69ea194ccfd78\"><div class=\"ld-container container-fluid\"><div class=\"row ld-row ld-row-inner\"><div class=\"wpb_column vc_column_container vc_col-sm-12 text-center liquid-column-69ea194cd0102\"><div class=\"vc_column-inner vc_custom_1762002052061\" ><div class=\"wpb_wrapper\" >\n\t<div class=\"wpb_raw_code wpb_content_element wpb_raw_html\" >\n\t\t<div class=\"wpb_wrapper\">\n\t\t\t<div><div id=\"image-map-pro-7a4f047d-0414-41b7-9d39-184558a6dcab\"><\/div><\/div>\n\t\t<\/div>\n\t<\/div>\n<\/div><\/div><\/div><\/div><\/div><\/div><\/div><div id=\"lqd-2\" role=\"tabpanel\" class=\"lqd-tabs-pane fade\"><div class=\"vc_row vc_inner vc_row-fluid liquid-row-shadowbox-69ea194cd0944\"><div class=\"ld-container container-fluid\"><div class=\"row ld-row ld-row-inner\"><div class=\"wpb_column vc_column_container vc_col-sm-12 text-center liquid-column-69ea194cd0dee\"><div class=\"vc_column-inner vc_custom_1762002052061\" ><div class=\"wpb_wrapper\" >\n\t<div class=\"wpb_raw_code wpb_content_element wpb_raw_html\" >\n\t\t<div class=\"wpb_wrapper\">\n\t\t\t<div><div id=\"image-map-pro-ed47d226-27aa-498f-a350-8b9d604bc982\"><\/div><\/div>\n\t\t<\/div>\n\t<\/div>\n<\/div><\/div><\/div><\/div><\/div><\/div><\/div><div id=\"lqd-3\" role=\"tabpanel\" class=\"lqd-tabs-pane fade\"><div class=\"vc_row vc_inner vc_row-fluid liquid-row-shadowbox-69ea194cd14e1\"><div class=\"ld-container container-fluid\"><div class=\"row ld-row ld-row-inner\"><div class=\"wpb_column vc_column_container vc_col-sm-12 text-center liquid-column-69ea194cd178d\"><div class=\"vc_column-inner vc_custom_1762002052061\" ><div class=\"wpb_wrapper\" >\n\t<div class=\"wpb_raw_code wpb_content_element wpb_raw_html\" >\n\t\t<div class=\"wpb_wrapper\">\n\t\t\t<div><div id=\"image-map-pro-033a619b-cc19-4e14-85ff-94a5d5f94755\"><\/div><\/div>\n\t\t<\/div>\n\t<\/div>\n<\/div><\/div><\/div><\/div><\/div><\/div><\/div><\/div>\n<\/div>\n<\/div><\/div><\/div><\/div><\/div><\/section>","protected":false},"excerpt":{"rendered":"St\u0101vu pl\u0101ni Unik\u0101ls 25 apartamentu projekts Saulkrastos, j\u016bras krast\u0101. Relaks\u0101cijas zona1. st\u0101vs2. st\u0101vs3. st\u0101vs","protected":false},"author":1,"featured_media":0,"parent":0,"menu_order":0,"comment_status":"closed","ping_status":"closed","template":"","meta":{"footnotes":""},"class_list":["post-5411","page","type-page","status-publish","hentry"],"yoast_head":"<!-- This site is optimized with the Yoast SEO plugin v27.4 - https:\/\/yoast.com\/product\/yoast-seo-wordpress\/ -->\n<title>St\u0101vu pl\u0101ni - Sun Coast<\/title>\n<meta name=\"robots\" content=\"index, follow, max-snippet:-1, max-image-preview:large, max-video-preview:-1\" \/>\n<link rel=\"canonical\" href=\"https:\/\/suncoast.lv\/en\/stavu-plani\/\" \/>\n<meta property=\"og:locale\" content=\"en_GB\" \/>\n<meta property=\"og:type\" content=\"article\" \/>\n<meta property=\"og:title\" content=\"St\u0101vu pl\u0101ni - Sun Coast\" \/>\n<meta property=\"og:url\" content=\"https:\/\/suncoast.lv\/en\/stavu-plani\/\" \/>\n<meta property=\"og:site_name\" content=\"Sun Coast\" \/>\n<meta property=\"article:modified_time\" content=\"2026-02-17T16:33:09+00:00\" \/>\n<meta name=\"twitter:card\" content=\"summary_large_image\" \/>\n<meta name=\"twitter:label1\" content=\"Estimated reading time\" \/>\n\t<meta name=\"twitter:data1\" content=\"2 minutes\" \/>\n<script type=\"application\/ld+json\" class=\"yoast-schema-graph\">{\"@context\":\"https:\\\/\\\/schema.org\",\"@graph\":[{\"@type\":\"WebPage\",\"@id\":\"https:\\\/\\\/suncoast.lv\\\/stavu-plani\\\/\",\"url\":\"https:\\\/\\\/suncoast.lv\\\/stavu-plani\\\/\",\"name\":\"St\u0101vu pl\u0101ni - Sun Coast\",\"isPartOf\":{\"@id\":\"https:\\\/\\\/suncoast.lv\\\/#website\"},\"datePublished\":\"2025-11-04T14:08:59+00:00\",\"dateModified\":\"2026-02-17T16:33:09+00:00\",\"breadcrumb\":{\"@id\":\"https:\\\/\\\/suncoast.lv\\\/stavu-plani\\\/#breadcrumb\"},\"inLanguage\":\"en-GB\",\"potentialAction\":[{\"@type\":\"ReadAction\",\"target\":[\"https:\\\/\\\/suncoast.lv\\\/stavu-plani\\\/\"]}]},{\"@type\":\"BreadcrumbList\",\"@id\":\"https:\\\/\\\/suncoast.lv\\\/stavu-plani\\\/#breadcrumb\",\"itemListElement\":[{\"@type\":\"ListItem\",\"position\":1,\"name\":\"Home\",\"item\":\"https:\\\/\\\/suncoast.lv\\\/\"},{\"@type\":\"ListItem\",\"position\":2,\"name\":\"St\u0101vu pl\u0101ni\"}]},{\"@type\":\"WebSite\",\"@id\":\"https:\\\/\\\/suncoast.lv\\\/#website\",\"url\":\"https:\\\/\\\/suncoast.lv\\\/\",\"name\":\"Sun Coast\",\"description\":\"Dizainiski apartamenti Saulkrastos\",\"publisher\":{\"@id\":\"https:\\\/\\\/suncoast.lv\\\/#organization\"},\"potentialAction\":[{\"@type\":\"SearchAction\",\"target\":{\"@type\":\"EntryPoint\",\"urlTemplate\":\"https:\\\/\\\/suncoast.lv\\\/?s={search_term_string}\"},\"query-input\":{\"@type\":\"PropertyValueSpecification\",\"valueRequired\":true,\"valueName\":\"search_term_string\"}}],\"inLanguage\":\"en-GB\"},{\"@type\":\"Organization\",\"@id\":\"https:\\\/\\\/suncoast.lv\\\/#organization\",\"name\":\"Sun Coast\",\"url\":\"https:\\\/\\\/suncoast.lv\\\/\",\"logo\":{\"@type\":\"ImageObject\",\"inLanguage\":\"en-GB\",\"@id\":\"https:\\\/\\\/suncoast.lv\\\/#\\\/schema\\\/logo\\\/image\\\/\",\"url\":\"\",\"contentUrl\":\"\",\"caption\":\"Sun Coast\"},\"image\":{\"@id\":\"https:\\\/\\\/suncoast.lv\\\/#\\\/schema\\\/logo\\\/image\\\/\"}}]}<\/script>\n<!-- \/ Yoast SEO plugin. -->","yoast_head_json":{"title":"St\u0101vu pl\u0101ni - Sun Coast","robots":{"index":"index","follow":"follow","max-snippet":"max-snippet:-1","max-image-preview":"max-image-preview:large","max-video-preview":"max-video-preview:-1"},"canonical":"https:\/\/suncoast.lv\/en\/stavu-plani\/","og_locale":"en_GB","og_type":"article","og_title":"St\u0101vu pl\u0101ni - Sun Coast","og_url":"https:\/\/suncoast.lv\/en\/stavu-plani\/","og_site_name":"Sun Coast","article_modified_time":"2026-02-17T16:33:09+00:00","twitter_card":"summary_large_image","twitter_misc":{"Estimated reading time":"2 minutes"},"schema":{"@context":"https:\/\/schema.org","@graph":[{"@type":"WebPage","@id":"https:\/\/suncoast.lv\/stavu-plani\/","url":"https:\/\/suncoast.lv\/stavu-plani\/","name":"St\u0101vu pl\u0101ni - Sun Coast","isPartOf":{"@id":"https:\/\/suncoast.lv\/#website"},"datePublished":"2025-11-04T14:08:59+00:00","dateModified":"2026-02-17T16:33:09+00:00","breadcrumb":{"@id":"https:\/\/suncoast.lv\/stavu-plani\/#breadcrumb"},"inLanguage":"en-GB","potentialAction":[{"@type":"ReadAction","target":["https:\/\/suncoast.lv\/stavu-plani\/"]}]},{"@type":"BreadcrumbList","@id":"https:\/\/suncoast.lv\/stavu-plani\/#breadcrumb","itemListElement":[{"@type":"ListItem","position":1,"name":"Home","item":"https:\/\/suncoast.lv\/"},{"@type":"ListItem","position":2,"name":"St\u0101vu pl\u0101ni"}]},{"@type":"WebSite","@id":"https:\/\/suncoast.lv\/#website","url":"https:\/\/suncoast.lv\/","name":"Sun Coast","description":"Dizainiski apartamenti Saulkrastos","publisher":{"@id":"https:\/\/suncoast.lv\/#organization"},"potentialAction":[{"@type":"SearchAction","target":{"@type":"EntryPoint","urlTemplate":"https:\/\/suncoast.lv\/?s={search_term_string}"},"query-input":{"@type":"PropertyValueSpecification","valueRequired":true,"valueName":"search_term_string"}}],"inLanguage":"en-GB"},{"@type":"Organization","@id":"https:\/\/suncoast.lv\/#organization","name":"Sun Coast","url":"https:\/\/suncoast.lv\/","logo":{"@type":"ImageObject","inLanguage":"en-GB","@id":"https:\/\/suncoast.lv\/#\/schema\/logo\/image\/","url":"","contentUrl":"","caption":"Sun Coast"},"image":{"@id":"https:\/\/suncoast.lv\/#\/schema\/logo\/image\/"}}]}},"_links":{"self":[{"href":"https:\/\/suncoast.lv\/en\/wp-json\/wp\/v2\/pages\/5411","targetHints":{"allow":["GET"]}}],"collection":[{"href":"https:\/\/suncoast.lv\/en\/wp-json\/wp\/v2\/pages"}],"about":[{"href":"https:\/\/suncoast.lv\/en\/wp-json\/wp\/v2\/types\/page"}],"author":[{"embeddable":true,"href":"https:\/\/suncoast.lv\/en\/wp-json\/wp\/v2\/users\/1"}],"replies":[{"embeddable":true,"href":"https:\/\/suncoast.lv\/en\/wp-json\/wp\/v2\/comments?post=5411"}],"version-history":[{"count":4,"href":"https:\/\/suncoast.lv\/en\/wp-json\/wp\/v2\/pages\/5411\/revisions"}],"predecessor-version":[{"id":7558,"href":"https:\/\/suncoast.lv\/en\/wp-json\/wp\/v2\/pages\/5411\/revisions\/7558"}],"wp:attachment":[{"href":"https:\/\/suncoast.lv\/en\/wp-json\/wp\/v2\/media?parent=5411"}],"curies":[{"name":"wp","href":"https:\/\/api.w.org\/{rel}","templated":true}]}}