{"id":6021,"date":"2025-11-16T09:21:56","date_gmt":"2025-11-16T07:21:56","guid":{"rendered":"https:\/\/bordorezidences.lv\/?page_id=6021"},"modified":"2026-01-23T14:05:38","modified_gmt":"2026-01-23T12:05:38","slug":"kontakti","status":"publish","type":"page","link":"https:\/\/suncoast.lv\/en\/contact\/","title":{"rendered":"Contact"},"content":{"rendered":"<p><style>@media (min-width: 992px) { .liquid-row-responsive-69ea1467f311e {padding-top:180px !important;  }  }    <\/style><section data-row-bg=\"https:\/\/suncoast.lv\/wp-content\/uploads\/2026\/01\/page_bg_new.jpg?id=6967\" data-bg-image=\"url\" class=\"vc_row vc_custom_1768928226529 liquid-row-responsive-69ea1467f311e liquid-row-shadowbox-69ea1467f3141 vc_row-has-fill vc_row-has-bg lqd-has-bg-markup row-bg-appended\"><span class=\"row-bg-loader\"><\/span><div class=\"row-bg-wrap\">\n\t\t<div class=\"row-bg-inner\">\n\t\t\t<figure class=\"row-bg\" ><\/figure>\n\t\t<\/div>\n\t<\/div><div class=\"liquid-row-overlay\" style=\"background:rgba(0, 0, 0, 0.5)\"><\/div><div class=\"ld-container container\"><div class=\"row ld-row ld-row-outer\"><div class=\"wpb_column vc_column_container vc_col-sm-12 vc_col-md-offset-3 vc_col-md-6 text-center liquid-column-69ea1467f35f3\"><div class=\"vc_column-inner  \" ><div class=\"wpb_wrapper\"  data-custom-animations=\"true\" data-ca-options='{\"triggerHandler\":\"inview\",\"animationTarget\":\"all-childs\",\"duration\":\"1600\",\"delay\":\"160\",\"ease\":\"power4.out\",\"direction\":\"forward\",\"initValues\":{\"y\":70,\"transformOriginX\":50,\"transformOriginY\":50,\"transformOriginZ\":\"0px\",\"opacity\":0},\"animations\":{\"y\":0,\"transformOriginX\":50,\"transformOriginY\":50,\"transformOriginZ\":\"0px\",\"opacity\":1}}'><style>.ld_fancy_heading_69ea1467f37d2 h2{color:rgb(255, 255, 255);}.ld_fancy_heading_69ea1467f37d2 h2 {margin-bottom:30px !important;  } .ld_fancy_heading_69ea1467f37d2 .lqd-highlight-inner svg{height:0.275em!important;fill:rgb(237, 32, 125)!important;}.ld_fancy_heading_69ea1467f37d2 h2 {margin-bottom:30px !important;  } .ld_fancy_heading_69ea1467f37d2 .lqd-highlight-inner{bottom:5px!important;}.ld_fancy_heading_69ea1467f37d2 h2 {margin-bottom:30px !important;  } <\/style><div class=\"ld-fancy-heading mask-text text-uppercase ld_fancy_heading_69ea1467f37d2\">\n\t<h2 class=\"ld-fh-element lqd-highlight-custom-underline lqd-highlight-grow-left text-decoration-default lqd-split-lines\"   data-split-text=\"true\" data-split-options='{\"type\":\"lines\"}'>  Kontakti<\/h2><\/div><style>.ld_fancy_heading_69ea1467f3be3 p{color:rgb(255, 255, 255);}.ld_fancy_heading_69ea1467f3be3 p {font-size:16px; } .ld_fancy_heading_69ea1467f3be3 p {line-height:1.5em; } .ld_fancy_heading_69ea1467f3be3 p {--element-line-height:1.5em; } .ld_fancy_heading_69ea1467f3be3 .lqd-highlight-inner{height:0.275em!important;bottom:0px!important;}.ld_fancy_heading_69ea1467f3be3 p {font-size:16px; } .ld_fancy_heading_69ea1467f3be3 p {line-height:1.5em; } .ld_fancy_heading_69ea1467f3be3 p {--element-line-height:1.5em; } <\/style><div class=\"ld-fancy-heading ld_fancy_heading_69ea1467f3be3\">\n\t<p class=\"ld-fh-element lqd-highlight-underline lqd-highlight-grow-left text-decoration-default lqd-split-lines\"   data-split-text=\"true\" data-split-options='{\"type\":\"lines\"}'>  Unik\u0101ls 25 apartamentu projekts Saulkrastos, j\u016bras krast\u0101.<\/p><\/div><\/div><\/div><\/div><\/div><\/div><\/section><style>@media (min-width: 992px) { .liquid-row-responsive-69ea1467f3e63 {padding-top:80px !important;  }  }    <\/style><section class=\"vc_row vc_custom_1768905941286 liquid-row-responsive-69ea1467f3e63 liquid-row-shadowbox-69ea1467f3e76 vc_row-o-full-height\"><div class=\"ld-container container\"><div class=\"row ld-row ld-row-outer vc_row-no-column-align vc_row-o-content-middle vc_row-flex\"><div class=\"wpb_column vc_column_container vc_col-sm-12 vc_col-lg-5 vc_col-md-6 liquid-column-69ea1467f4025\"><div class=\"vc_column-inner  \" ><div class=\"wpb_wrapper\"  ><style>@media (min-width: 768px) { .ld_fancy_heading_69ea1467f4239 h2 {font-size:60px; }  } .ld_fancy_heading_69ea1467f4239 h2 {margin-bottom:0.1em !important;  } .ld_fancy_heading_69ea1467f4239 .lqd-highlight-inner{height:0.275em!important;bottom:0px!important;}@media (min-width: 768px) { .ld_fancy_heading_69ea1467f4239 h2 {font-size:60px; }  } .ld_fancy_heading_69ea1467f4239 h2 {margin-bottom:0.1em !important;  } <\/style><div class=\"ld-fancy-heading ld_fancy_heading_69ea1467f4239\">\n\t<h2 class=\"ld-fh-element lqd-highlight-underline lqd-highlight-grow-left text-decoration-default\"   >  Sveicin\u0101ti!<\/h2><\/div><style>.ld_fancy_heading_69ea146800208 p {font-size:17px; } .ld_fancy_heading_69ea146800208 .lqd-highlight-inner{height:0.275em!important;bottom:0px!important;}.ld_fancy_heading_69ea146800208 p {font-size:17px; } <\/style><div class=\"ld-fancy-heading ld_fancy_heading_69ea146800208\">\n\t<p class=\"ld-fh-element lqd-highlight-underline lqd-highlight-grow-left text-decoration-default\"   >  \u0112rt\u0101kai sazi\u0146ai, izmantojiet blakus redzamo formu.<\/p><\/div><div class=\"vc_row vc_inner vc_row-fluid vc_custom_1608560196551 liquid-row-shadowbox-69ea14680041d\"><div class=\"ld-container container-fluid\"><div class=\"row ld-row ld-row-inner\"><div class=\"wpb_column vc_column_container vc_col-sm-6 liquid-column-69ea146800675\"><div class=\"vc_column-inner \" ><div class=\"wpb_wrapper\" ><style>.ld_fancy_heading_69ea146800873 p {font-size:14px; } .ld_fancy_heading_69ea146800873 p {line-height:1.3em; } .ld_fancy_heading_69ea146800873 p {--element-line-height:1.3em; } .ld_fancy_heading_69ea146800873 p {margin-bottom:1em !important;  } .ld_fancy_heading_69ea146800873 .lqd-highlight-inner{height:0.275em!important;bottom:0px!important;}.ld_fancy_heading_69ea146800873 p {font-size:14px; } .ld_fancy_heading_69ea146800873 p {line-height:1.3em; } .ld_fancy_heading_69ea146800873 p {--element-line-height:1.3em; } .ld_fancy_heading_69ea146800873 p {margin-bottom:1em !important;  } <\/style><div class=\"ld-fancy-heading ld_fancy_heading_69ea146800873\">\n\t<p class=\"ld-fh-element lqd-highlight-underline lqd-highlight-grow-left text-decoration-default\"   >  Sazi\u0146ai elektroniski,<br \/>s\u016btiet e-pastu uz<\/p><\/div><style>.ld_fancy_heading_69ea146800ae7 p {font-size:18px; } .ld_fancy_heading_69ea146800ae7 p {line-height:1.2em; } .ld_fancy_heading_69ea146800ae7 p {--element-line-height:1.2em; } .ld_fancy_heading_69ea146800ae7 .lqd-highlight-inner{height:0.275em!important;bottom:0px!important;}.ld_fancy_heading_69ea146800ae7 p {font-size:18px; } .ld_fancy_heading_69ea146800ae7 p {line-height:1.2em; } .ld_fancy_heading_69ea146800ae7 p {--element-line-height:1.2em; } <\/style><div class=\"ld-fancy-heading ld_fancy_heading_69ea146800ae7\">\n\t<p class=\"ld-fh-element lqd-highlight-underline lqd-highlight-grow-left text-decoration-default\"   >  <strong><a href=\"mailto:info@suncoast.lv\" target=\"_blank\" rel=\"noopener\">info@suncoast.lv<\/a><\/strong><\/p><\/div><style>.ld_spacer_69ea146800c7d{height:32px;}<\/style>\n<div class=\"ld-empty-space ld_spacer_69ea146800c7d\"><\/div><\/div><\/div><\/div><div class=\"wpb_column vc_column_container vc_col-sm-6 liquid-column-69ea146800f79\"><div class=\"vc_column-inner \" ><div class=\"wpb_wrapper\" ><\/div><\/div><\/div><\/div><\/div><\/div><\/div><\/div><\/div><style>@media (min-width: 768px) { .liquid-column-responsive-69ea1468011ac > .vc_column-inner {padding-right:45px !important; padding-left:45px !important;  }  } @media (min-width: 992px) { .liquid-column-responsive-69ea1468011ac > .vc_column-inner {padding-top:60px !important;  }  } .liquid-column-69ea1468011a3 > .vc_column-inner { box-shadow:0px 20px 90px 0px rgba(30, 89, 157, 0.1)}<\/style><div class=\"wpb_column vc_column_container vc_col-sm-12 vc_col-md-offset-1 vc_col-md-6 liquid-column-69ea1468011a3 liquid-column-responsive-69ea1468011ac vc_col-has-fill\"><div class=\"vc_column-inner  vc_custom_1756531524879\" ><div class=\"wpb_wrapper\"  ><style>.ld_cf7_69ea1468012f5 input,.ld_cf7_69ea1468012f5 textarea,.ld_cf7_69ea1468012f5 .ui-button.ui-selectmenu-button{font-size:13px;}.ld_cf7_69ea1468012f5 input[type=\"submit\"]{font-size:16px;background:#dfc08f;color:#231f20;border-color:#dfc08f;}.ld_cf7_69ea1468012f5 input, .ld_cf7_69ea1468012f5 select, .ld_cf7_69ea1468012f5 textarea, .ld_cf7_69ea1468012f5 .ui-button.ui-selectmenu-button, .ld_cf7_69ea1468012f5 .wpcf7-form-control-wrap > i, .ld_cf7_69ea1468012f5 .wpcf7-radio{color:rgb(90, 102, 126);}.ld_cf7_69ea1468012f5 input:focus, .ld_cf7_69ea1468012f5 select:focus, .ld_cf7_69ea1468012f5 textarea:focus, .ld_cf7_69ea1468012f5 .ui-button.ui-selectmenu-button:hover, .wpcf7-acceptance .wpcf7-list-item-label:after{color:rgb(0, 0, 0);}.ld_cf7_69ea1468012f5 input, .ld_cf7_69ea1468012f5 select, .ld_cf7_69ea1468012f5 textarea, .ld_cf7_69ea1468012f5 .ui-button.ui-selectmenu-button, .ld_cf7_69ea1468012f5 .wpcf7-acceptance .wpcf7-list-item-label:before{border-color:rgba(123, 131, 142, 0.16);}.ld_cf7_69ea1468012f5 input:focus, .ld_cf7_69ea1468012f5 select:focus, .ld_cf7_69ea1468012f5 textarea:focus, .ld_cf7_69ea1468012f5 .ui-button.ui-selectmenu-button:hover{border-color:rgb(90, 102, 126);}.ld_cf7_69ea1468012f5 input[type=\"submit\"]:focus,.ld_cf7_69ea1468012f5 input[type=\"submit\"]:hover{background:#231f20;}.ld_cf7_69ea1468012f5 input[type=\"submit\"]:hover{color:#dfc08f;border-color:#231f20;}.ld_cf7_69ea1468012f5 .wpcf7-form-control-wrap{margin-bottom:18px;}<\/style><div id=\"ld_cf7_69ea1468012f5\" class=\"lqd-contact-form lqd-contact-form-button-block lqd-contact-form-button-circle ld_cf7_69ea1468012f5 vc_custom_1768906079372\">\n\t\n<div class=\"wpcf7 no-js\" id=\"wpcf7-f5279-o1\" lang=\"lv\" dir=\"ltr\" data-wpcf7-id=\"5279\">\n<div class=\"screen-reader-response\"><p role=\"status\" aria-live=\"polite\" aria-atomic=\"true\"><\/p> <ul><\/ul><\/div>\n<form action=\"\/en\/wp-json\/wp\/v2\/pages\/6021#wpcf7-f5279-o1\" method=\"post\" class=\"wpcf7-form init\" aria-label=\"Contact form\" novalidate=\"novalidate\" data-status=\"init\">\n<fieldset class=\"hidden-fields-container\"><input type=\"hidden\" name=\"_wpcf7\" value=\"5279\" \/><input type=\"hidden\" name=\"_wpcf7_version\" value=\"6.1.5\" \/><input type=\"hidden\" name=\"_wpcf7_locale\" value=\"lv\" \/><input type=\"hidden\" name=\"_wpcf7_unit_tag\" value=\"wpcf7-f5279-o1\" \/><input type=\"hidden\" name=\"_wpcf7_container_post\" value=\"0\" \/><input type=\"hidden\" name=\"_wpcf7_posted_data_hash\" value=\"\" \/>\n<\/fieldset>\n<div class=\"row\">\n\t<div class=\"col-md-6\">\n\t\t<p><span class=\"wpcf7-form-control-wrap\" data-name=\"full-name\"><input size=\"40\" maxlength=\"400\" class=\"wpcf7-form-control wpcf7-text wpcf7-validates-as-required\" aria-required=\"true\" aria-invalid=\"false\" placeholder=\"J\u016bsu v\u0101rds\" value=\"\" type=\"text\" name=\"full-name\" \/><\/span>\n\t\t<\/p>\n\t<\/div>\n\t<div class=\"col-md-6\">\n\t\t<p><span class=\"wpcf7-form-control-wrap\" data-name=\"your-email\"><input size=\"40\" maxlength=\"400\" class=\"wpcf7-form-control wpcf7-email wpcf7-validates-as-required wpcf7-text wpcf7-validates-as-email\" aria-required=\"true\" aria-invalid=\"false\" placeholder=\"E-pasta adrese\" value=\"\" type=\"email\" name=\"your-email\" \/><\/span>\n\t\t<\/p>\n\t<\/div>\n\t<div class=\"col-md-6\">\n\t\t<p><span class=\"wpcf7-form-control-wrap\" data-name=\"your-telephone\"><input size=\"40\" maxlength=\"400\" class=\"wpcf7-form-control wpcf7-tel wpcf7-text wpcf7-validates-as-tel\" aria-invalid=\"false\" placeholder=\"T\u0101lru\u0146a numurs\" value=\"\" type=\"tel\" name=\"your-telephone\" \/><\/span>\n\t\t<\/p>\n\t<\/div>\n\t<div class=\"col-md-6\">\n\t\t<p><span class=\"wpcf7-form-control-wrap\" data-name=\"your-subject\"><select class=\"wpcf7-form-control wpcf7-select wpcf7-validates-as-required\" aria-required=\"true\" aria-invalid=\"false\" name=\"your-subject\"><option value=\"\">K\u0101 varam Jums pal\u012bdz\u0113t?<\/option><option value=\"Apartamenta rezerv\u0101cija\">Apartamenta rezerv\u0101cija<\/option><option value=\"Jaut\u0101jumi par projektu\">Jaut\u0101jumi par projektu<\/option><option value=\"Cits\">Cits<\/option><\/select><\/span>\n\t\t<\/p>\n\t<\/div>\n\t<div class=\"col-md-12\">\n\t\t<p><span class=\"wpcf7-form-control-wrap\" data-name=\"your-message\"><textarea cols=\"10\" rows=\"4\" maxlength=\"2000\" class=\"wpcf7-form-control wpcf7-textarea wpcf7-validates-as-required\" aria-required=\"true\" aria-invalid=\"false\" placeholder=\"J\u016bsu zi\u0146a..\" name=\"your-message\"><\/textarea><\/span>\n\t\t<\/p>\n\t<\/div>\n\t<div class=\"col-md-12\">\n\t\t<p><span class=\"wpcf7-form-control-wrap\" data-name=\"acceptance-89\"><span class=\"wpcf7-form-control wpcf7-acceptance\"><span class=\"wpcf7-list-item\"><label><input type=\"checkbox\" name=\"acceptance-89\" value=\"1\" checked=\"checked\" aria-invalid=\"false\" \/><span class=\"wpcf7-list-item-label\"><span>Atst\u0101jot atz\u012bm\u0113tu lodzi\u0146u, J\u016bs piekr\u012btat m\u016bsu <a href=\"https:\/\/suncoast.lv\/privatuma-politika\/\" target=\"_blank\" style=\"color:#ad8560\">priv\u0101tuma politikai<\/a>, lai ar Jums sazin\u0101tos.<\/span><\/span><\/label><\/span><\/span><\/span>\n\t\t<\/p>\n\t<\/div>\n\t<div class=\"col-md-12\">\n\t\t<p><input class=\"wpcf7-form-control wpcf7-submit has-spinner\" type=\"submit\" value=\"NOS\u016aT\u012aT\" \/>\n\t\t<\/p>\n\t<\/div>\n<\/div><div class=\"wpcf7-response-output\" aria-hidden=\"true\"><\/div>\n<\/form>\n<\/div>\n<\/div><\/div><\/div><\/div><\/div><\/div><\/section>\n","protected":false},"excerpt":{"rendered":"Kontakti Unik\u0101ls 25 apartamentu projekts Saulkrastos, j\u016bras krast\u0101. Sveicin\u0101ti! \u0112rt\u0101kai sazi\u0146ai, izmantojiet blakus redzamo formu. Sazi\u0146ai elektroniski,s\u016btiet e-pastu uz info@suncoast.lv K\u0101 varam Jums pal\u012bdz\u0113t?Apartamenta rezerv\u0101cijaJaut\u0101jumi par projektuCits Atst\u0101jot atz\u012bm\u0113tu lodzi\u0146u, J\u016bs piekr\u012btat m\u016bsu priv\u0101tuma politikai, lai ar Jums sazin\u0101tos.","protected":false},"author":1,"featured_media":0,"parent":0,"menu_order":0,"comment_status":"closed","ping_status":"closed","template":"","meta":{"footnotes":""},"class_list":["post-6021","page","type-page","status-publish","hentry"],"yoast_head":"<!-- This site is optimized with the Yoast SEO plugin v27.4 - https:\/\/yoast.com\/product\/yoast-seo-wordpress\/ -->\n<title>Kontakti - Sun Coast<\/title>\n<meta name=\"robots\" content=\"index, follow, max-snippet:-1, max-image-preview:large, max-video-preview:-1\" \/>\n<link rel=\"canonical\" href=\"https:\/\/suncoast.lv\/en\/kontakti\/\" \/>\n<meta property=\"og:locale\" content=\"en_GB\" \/>\n<meta property=\"og:type\" content=\"article\" \/>\n<meta property=\"og:title\" content=\"Kontakti - Sun Coast\" \/>\n<meta property=\"og:url\" content=\"https:\/\/suncoast.lv\/en\/kontakti\/\" \/>\n<meta property=\"og:site_name\" content=\"Sun Coast\" \/>\n<meta property=\"article:modified_time\" content=\"2026-01-23T12:05:38+00:00\" \/>\n<meta name=\"twitter:card\" content=\"summary_large_image\" \/>\n<meta name=\"twitter:label1\" content=\"Estimated reading time\" \/>\n\t<meta name=\"twitter:data1\" content=\"1 minute\" \/>\n<script type=\"application\/ld+json\" class=\"yoast-schema-graph\">{\"@context\":\"https:\\\/\\\/schema.org\",\"@graph\":[{\"@type\":\"WebPage\",\"@id\":\"https:\\\/\\\/suncoast.lv\\\/kontakti\\\/\",\"url\":\"https:\\\/\\\/suncoast.lv\\\/kontakti\\\/\",\"name\":\"Kontakti - Sun Coast\",\"isPartOf\":{\"@id\":\"https:\\\/\\\/suncoast.lv\\\/#website\"},\"datePublished\":\"2025-11-16T07:21:56+00:00\",\"dateModified\":\"2026-01-23T12:05:38+00:00\",\"breadcrumb\":{\"@id\":\"https:\\\/\\\/suncoast.lv\\\/kontakti\\\/#breadcrumb\"},\"inLanguage\":\"en-GB\",\"potentialAction\":[{\"@type\":\"ReadAction\",\"target\":[\"https:\\\/\\\/suncoast.lv\\\/kontakti\\\/\"]}]},{\"@type\":\"BreadcrumbList\",\"@id\":\"https:\\\/\\\/suncoast.lv\\\/kontakti\\\/#breadcrumb\",\"itemListElement\":[{\"@type\":\"ListItem\",\"position\":1,\"name\":\"Home\",\"item\":\"https:\\\/\\\/suncoast.lv\\\/\"},{\"@type\":\"ListItem\",\"position\":2,\"name\":\"Kontakti\"}]},{\"@type\":\"WebSite\",\"@id\":\"https:\\\/\\\/suncoast.lv\\\/#website\",\"url\":\"https:\\\/\\\/suncoast.lv\\\/\",\"name\":\"Sun Coast\",\"description\":\"Dizainiski apartamenti Saulkrastos\",\"publisher\":{\"@id\":\"https:\\\/\\\/suncoast.lv\\\/#organization\"},\"potentialAction\":[{\"@type\":\"SearchAction\",\"target\":{\"@type\":\"EntryPoint\",\"urlTemplate\":\"https:\\\/\\\/suncoast.lv\\\/?s={search_term_string}\"},\"query-input\":{\"@type\":\"PropertyValueSpecification\",\"valueRequired\":true,\"valueName\":\"search_term_string\"}}],\"inLanguage\":\"en-GB\"},{\"@type\":\"Organization\",\"@id\":\"https:\\\/\\\/suncoast.lv\\\/#organization\",\"name\":\"Sun Coast\",\"url\":\"https:\\\/\\\/suncoast.lv\\\/\",\"logo\":{\"@type\":\"ImageObject\",\"inLanguage\":\"en-GB\",\"@id\":\"https:\\\/\\\/suncoast.lv\\\/#\\\/schema\\\/logo\\\/image\\\/\",\"url\":\"\",\"contentUrl\":\"\",\"caption\":\"Sun Coast\"},\"image\":{\"@id\":\"https:\\\/\\\/suncoast.lv\\\/#\\\/schema\\\/logo\\\/image\\\/\"}}]}<\/script>\n<!-- \/ Yoast SEO plugin. -->","yoast_head_json":{"title":"Kontakti - Sun Coast","robots":{"index":"index","follow":"follow","max-snippet":"max-snippet:-1","max-image-preview":"max-image-preview:large","max-video-preview":"max-video-preview:-1"},"canonical":"https:\/\/suncoast.lv\/en\/kontakti\/","og_locale":"en_GB","og_type":"article","og_title":"Kontakti - Sun Coast","og_url":"https:\/\/suncoast.lv\/en\/kontakti\/","og_site_name":"Sun Coast","article_modified_time":"2026-01-23T12:05:38+00:00","twitter_card":"summary_large_image","twitter_misc":{"Estimated reading time":"1 minute"},"schema":{"@context":"https:\/\/schema.org","@graph":[{"@type":"WebPage","@id":"https:\/\/suncoast.lv\/kontakti\/","url":"https:\/\/suncoast.lv\/kontakti\/","name":"Kontakti - Sun Coast","isPartOf":{"@id":"https:\/\/suncoast.lv\/#website"},"datePublished":"2025-11-16T07:21:56+00:00","dateModified":"2026-01-23T12:05:38+00:00","breadcrumb":{"@id":"https:\/\/suncoast.lv\/kontakti\/#breadcrumb"},"inLanguage":"en-GB","potentialAction":[{"@type":"ReadAction","target":["https:\/\/suncoast.lv\/kontakti\/"]}]},{"@type":"BreadcrumbList","@id":"https:\/\/suncoast.lv\/kontakti\/#breadcrumb","itemListElement":[{"@type":"ListItem","position":1,"name":"Home","item":"https:\/\/suncoast.lv\/"},{"@type":"ListItem","position":2,"name":"Kontakti"}]},{"@type":"WebSite","@id":"https:\/\/suncoast.lv\/#website","url":"https:\/\/suncoast.lv\/","name":"Sun Coast","description":"Dizainiski apartamenti Saulkrastos","publisher":{"@id":"https:\/\/suncoast.lv\/#organization"},"potentialAction":[{"@type":"SearchAction","target":{"@type":"EntryPoint","urlTemplate":"https:\/\/suncoast.lv\/?s={search_term_string}"},"query-input":{"@type":"PropertyValueSpecification","valueRequired":true,"valueName":"search_term_string"}}],"inLanguage":"en-GB"},{"@type":"Organization","@id":"https:\/\/suncoast.lv\/#organization","name":"Sun Coast","url":"https:\/\/suncoast.lv\/","logo":{"@type":"ImageObject","inLanguage":"en-GB","@id":"https:\/\/suncoast.lv\/#\/schema\/logo\/image\/","url":"","contentUrl":"","caption":"Sun Coast"},"image":{"@id":"https:\/\/suncoast.lv\/#\/schema\/logo\/image\/"}}]}},"_links":{"self":[{"href":"https:\/\/suncoast.lv\/en\/wp-json\/wp\/v2\/pages\/6021","targetHints":{"allow":["GET"]}}],"collection":[{"href":"https:\/\/suncoast.lv\/en\/wp-json\/wp\/v2\/pages"}],"about":[{"href":"https:\/\/suncoast.lv\/en\/wp-json\/wp\/v2\/types\/page"}],"author":[{"embeddable":true,"href":"https:\/\/suncoast.lv\/en\/wp-json\/wp\/v2\/users\/1"}],"replies":[{"embeddable":true,"href":"https:\/\/suncoast.lv\/en\/wp-json\/wp\/v2\/comments?post=6021"}],"version-history":[{"count":3,"href":"https:\/\/suncoast.lv\/en\/wp-json\/wp\/v2\/pages\/6021\/revisions"}],"predecessor-version":[{"id":7291,"href":"https:\/\/suncoast.lv\/en\/wp-json\/wp\/v2\/pages\/6021\/revisions\/7291"}],"wp:attachment":[{"href":"https:\/\/suncoast.lv\/en\/wp-json\/wp\/v2\/media?parent=6021"}],"curies":[{"name":"wp","href":"https:\/\/api.w.org\/{rel}","templated":true}]}}