{"id":7166,"date":"2026-01-20T18:43:57","date_gmt":"2026-01-20T16:43:57","guid":{"rendered":"https:\/\/suncoast.lv\/?page_id=7166"},"modified":"2026-02-17T16:25:58","modified_gmt":"2026-02-17T14:25:58","slug":"apartamenti","status":"publish","type":"page","link":"https:\/\/suncoast.lv\/en\/apartments\/","title":{"rendered":"Apartamenti"},"content":{"rendered":"<p><style>@media (min-width: 992px) { .liquid-row-responsive-69ea14414e56d {padding-top:180px !important;  }  }    <\/style><section data-bg-image=\"url\" class=\"vc_row vc_custom_1768928186912 liquid-row-responsive-69ea14414e56d liquid-row-shadowbox-69ea14414e587 vc_row-has-fill vc_row-has-bg\"><div class=\"ld-container container\"><div class=\"row ld-row ld-row-outer\"><div class=\"wpb_column vc_column_container vc_col-sm-12 vc_col-md-offset-3 vc_col-md-6 text-center liquid-column-69ea14414ec20\"><div class=\"vc_column-inner\" ><div class=\"wpb_wrapper\"  data-custom-animations=\"true\" data-ca-options='{\"triggerHandler\":\"inview\",\"animationTarget\":\"all-childs\",\"duration\":\"1600\",\"delay\":\"160\",\"ease\":\"power4.out\",\"direction\":\"forward\",\"initValues\":{\"y\":70,\"transformOriginX\":50,\"transformOriginY\":50,\"transformOriginZ\":\"0px\",\"opacity\":0},\"animations\":{\"y\":0,\"transformOriginX\":50,\"transformOriginY\":50,\"transformOriginZ\":\"0px\",\"opacity\":1}}'><style>.ld_fancy_heading_69ea14414ed6b h2{color:rgb(255, 255, 255);}.ld_fancy_heading_69ea14414ed6b h2 {margin-bottom:30px !important;  } .ld_fancy_heading_69ea14414ed6b .lqd-highlight-inner svg{height:0.275em!important;fill:rgb(237, 32, 125)!important;}.ld_fancy_heading_69ea14414ed6b h2 {margin-bottom:30px !important;  } .ld_fancy_heading_69ea14414ed6b .lqd-highlight-inner{bottom:5px!important;}.ld_fancy_heading_69ea14414ed6b h2 {margin-bottom:30px !important;  } <\/style><div class=\"ld-fancy-heading mask-text text-uppercase ld_fancy_heading_69ea14414ed6b\">\n\t<h2 class=\"ld-fh-element lqd-highlight-custom-underline lqd-highlight-grow-left text-decoration-default lqd-split-lines\"   data-split-text=\"true\" data-split-options='{\"type\":\"lines\"}'>  Sun Coast Apartments<\/h2><\/div><style>.ld_fancy_heading_69ea14414f085 p{color:rgb(255, 255, 255);}.ld_fancy_heading_69ea14414f085 p {font-size:16px; } .ld_fancy_heading_69ea14414f085 p {line-height:1.5em; } .ld_fancy_heading_69ea14414f085 p {--element-line-height:1.5em; } .ld_fancy_heading_69ea14414f085 .lqd-highlight-inner{height:0.275em!important;bottom:0px!important;}.ld_fancy_heading_69ea14414f085 p {font-size:16px; } .ld_fancy_heading_69ea14414f085 p {line-height:1.5em; } .ld_fancy_heading_69ea14414f085 p {--element-line-height:1.5em; } <\/style><div class=\"ld-fancy-heading ld_fancy_heading_69ea14414f085\">\n\t<p class=\"ld-fh-element lqd-highlight-underline lqd-highlight-grow-left text-decoration-default lqd-split-lines\"   data-split-text=\"true\" data-split-options='{\"type\":\"lines\"}'>  A unique 25-apartment project in Saulkrasti, on the seashore.<\/p><\/div><\/div><\/div><\/div><\/div><\/div><\/section><section id=\"en-desktop\" class=\"vc_row hidden-xs hidden-sm liquid-row-shadowbox-69ea14414ff79 vc_column-gap-0\"><div class=\"ld-container container-fluid\"><div class=\"row ld-row ld-row-outer\"><div class=\"wpb_column vc_column_container vc_col-sm-12 liquid-column-69ea144150293\"><div class=\"vc_column-inner\" ><div class=\"wpb_wrapper\"  >\n\t<div class=\"wpb_raw_code wpb_content_element wpb_raw_html\" >\n\t\t<div class=\"wpb_wrapper\">\n\t\t\t<div><div id=\"image-map-pro-3ddb2333-ca08-4aa4-97af-e06e3c77f8e2\"><\/div><\/div>\n\t\t<\/div>\n\t<\/div>\n<\/div><\/div><\/div><\/div><\/div><\/section><section id=\"en-mobile\" class=\"vc_row hidden-md hidden-lg liquid-row-shadowbox-69ea1441513b1 vc_column-gap-0\"><div class=\"ld-container container-fluid\"><div class=\"row ld-row ld-row-outer\"><div class=\"wpb_column vc_column_container vc_col-sm-12 liquid-column-69ea1441518c0\"><div class=\"vc_column-inner\" ><div class=\"wpb_wrapper\"  >\n\t<div class=\"wpb_raw_code wpb_content_element wpb_raw_html\" >\n\t\t<div class=\"wpb_wrapper\">\n\t\t\t<div><div id=\"image-map-pro-de4572fc-8c9f-4e44-8622-c8c85f3ede77\"><\/div><\/div>\n\t\t<\/div>\n\t<\/div>\n<\/div><\/div><\/div><\/div><\/div><\/section>","protected":false},"excerpt":{"rendered":"Sun Coast Apartamenti Unik\u0101ls 25 apartamentu projekts Saulkrastos, j\u016bras krast\u0101.","protected":false},"author":1,"featured_media":0,"parent":0,"menu_order":0,"comment_status":"closed","ping_status":"closed","template":"","meta":{"footnotes":""},"class_list":["post-7166","page","type-page","status-publish","hentry"],"yoast_head":"<!-- This site is optimized with the Yoast SEO plugin v27.4 - https:\/\/yoast.com\/product\/yoast-seo-wordpress\/ -->\n<title>Apartamenti - Sun Coast<\/title>\n<meta name=\"robots\" content=\"index, follow, max-snippet:-1, max-image-preview:large, max-video-preview:-1\" \/>\n<link rel=\"canonical\" href=\"https:\/\/suncoast.lv\/en\/apartamenti\/\" \/>\n<meta property=\"og:locale\" content=\"en_GB\" \/>\n<meta property=\"og:type\" content=\"article\" \/>\n<meta property=\"og:title\" content=\"Apartamenti - Sun Coast\" \/>\n<meta property=\"og:url\" content=\"https:\/\/suncoast.lv\/en\/apartamenti\/\" \/>\n<meta property=\"og:site_name\" content=\"Sun Coast\" \/>\n<meta property=\"article:modified_time\" content=\"2026-02-17T14:25:58+00:00\" \/>\n<meta name=\"twitter:card\" content=\"summary_large_image\" \/>\n<meta name=\"twitter:label1\" content=\"Estimated reading time\" \/>\n\t<meta name=\"twitter:data1\" content=\"1 minute\" \/>\n<script type=\"application\/ld+json\" class=\"yoast-schema-graph\">{\"@context\":\"https:\\\/\\\/schema.org\",\"@graph\":[{\"@type\":\"WebPage\",\"@id\":\"https:\\\/\\\/suncoast.lv\\\/apartamenti\\\/\",\"url\":\"https:\\\/\\\/suncoast.lv\\\/apartamenti\\\/\",\"name\":\"Apartamenti - Sun Coast\",\"isPartOf\":{\"@id\":\"https:\\\/\\\/suncoast.lv\\\/#website\"},\"datePublished\":\"2026-01-20T16:43:57+00:00\",\"dateModified\":\"2026-02-17T14:25:58+00:00\",\"breadcrumb\":{\"@id\":\"https:\\\/\\\/suncoast.lv\\\/apartamenti\\\/#breadcrumb\"},\"inLanguage\":\"en-GB\",\"potentialAction\":[{\"@type\":\"ReadAction\",\"target\":[\"https:\\\/\\\/suncoast.lv\\\/apartamenti\\\/\"]}]},{\"@type\":\"BreadcrumbList\",\"@id\":\"https:\\\/\\\/suncoast.lv\\\/apartamenti\\\/#breadcrumb\",\"itemListElement\":[{\"@type\":\"ListItem\",\"position\":1,\"name\":\"Home\",\"item\":\"https:\\\/\\\/suncoast.lv\\\/\"},{\"@type\":\"ListItem\",\"position\":2,\"name\":\"Apartamenti\"}]},{\"@type\":\"WebSite\",\"@id\":\"https:\\\/\\\/suncoast.lv\\\/#website\",\"url\":\"https:\\\/\\\/suncoast.lv\\\/\",\"name\":\"Sun Coast\",\"description\":\"Dizainiski apartamenti Saulkrastos\",\"publisher\":{\"@id\":\"https:\\\/\\\/suncoast.lv\\\/#organization\"},\"potentialAction\":[{\"@type\":\"SearchAction\",\"target\":{\"@type\":\"EntryPoint\",\"urlTemplate\":\"https:\\\/\\\/suncoast.lv\\\/?s={search_term_string}\"},\"query-input\":{\"@type\":\"PropertyValueSpecification\",\"valueRequired\":true,\"valueName\":\"search_term_string\"}}],\"inLanguage\":\"en-GB\"},{\"@type\":\"Organization\",\"@id\":\"https:\\\/\\\/suncoast.lv\\\/#organization\",\"name\":\"Sun Coast\",\"url\":\"https:\\\/\\\/suncoast.lv\\\/\",\"logo\":{\"@type\":\"ImageObject\",\"inLanguage\":\"en-GB\",\"@id\":\"https:\\\/\\\/suncoast.lv\\\/#\\\/schema\\\/logo\\\/image\\\/\",\"url\":\"\",\"contentUrl\":\"\",\"caption\":\"Sun Coast\"},\"image\":{\"@id\":\"https:\\\/\\\/suncoast.lv\\\/#\\\/schema\\\/logo\\\/image\\\/\"}}]}<\/script>\n<!-- \/ Yoast SEO plugin. -->","yoast_head_json":{"title":"Apartamenti - Sun Coast","robots":{"index":"index","follow":"follow","max-snippet":"max-snippet:-1","max-image-preview":"max-image-preview:large","max-video-preview":"max-video-preview:-1"},"canonical":"https:\/\/suncoast.lv\/en\/apartamenti\/","og_locale":"en_GB","og_type":"article","og_title":"Apartamenti - Sun Coast","og_url":"https:\/\/suncoast.lv\/en\/apartamenti\/","og_site_name":"Sun Coast","article_modified_time":"2026-02-17T14:25:58+00:00","twitter_card":"summary_large_image","twitter_misc":{"Estimated reading time":"1 minute"},"schema":{"@context":"https:\/\/schema.org","@graph":[{"@type":"WebPage","@id":"https:\/\/suncoast.lv\/apartamenti\/","url":"https:\/\/suncoast.lv\/apartamenti\/","name":"Apartamenti - Sun Coast","isPartOf":{"@id":"https:\/\/suncoast.lv\/#website"},"datePublished":"2026-01-20T16:43:57+00:00","dateModified":"2026-02-17T14:25:58+00:00","breadcrumb":{"@id":"https:\/\/suncoast.lv\/apartamenti\/#breadcrumb"},"inLanguage":"en-GB","potentialAction":[{"@type":"ReadAction","target":["https:\/\/suncoast.lv\/apartamenti\/"]}]},{"@type":"BreadcrumbList","@id":"https:\/\/suncoast.lv\/apartamenti\/#breadcrumb","itemListElement":[{"@type":"ListItem","position":1,"name":"Home","item":"https:\/\/suncoast.lv\/"},{"@type":"ListItem","position":2,"name":"Apartamenti"}]},{"@type":"WebSite","@id":"https:\/\/suncoast.lv\/#website","url":"https:\/\/suncoast.lv\/","name":"Sun Coast","description":"Dizainiski apartamenti Saulkrastos","publisher":{"@id":"https:\/\/suncoast.lv\/#organization"},"potentialAction":[{"@type":"SearchAction","target":{"@type":"EntryPoint","urlTemplate":"https:\/\/suncoast.lv\/?s={search_term_string}"},"query-input":{"@type":"PropertyValueSpecification","valueRequired":true,"valueName":"search_term_string"}}],"inLanguage":"en-GB"},{"@type":"Organization","@id":"https:\/\/suncoast.lv\/#organization","name":"Sun Coast","url":"https:\/\/suncoast.lv\/","logo":{"@type":"ImageObject","inLanguage":"en-GB","@id":"https:\/\/suncoast.lv\/#\/schema\/logo\/image\/","url":"","contentUrl":"","caption":"Sun Coast"},"image":{"@id":"https:\/\/suncoast.lv\/#\/schema\/logo\/image\/"}}]}},"_links":{"self":[{"href":"https:\/\/suncoast.lv\/en\/wp-json\/wp\/v2\/pages\/7166","targetHints":{"allow":["GET"]}}],"collection":[{"href":"https:\/\/suncoast.lv\/en\/wp-json\/wp\/v2\/pages"}],"about":[{"href":"https:\/\/suncoast.lv\/en\/wp-json\/wp\/v2\/types\/page"}],"author":[{"embeddable":true,"href":"https:\/\/suncoast.lv\/en\/wp-json\/wp\/v2\/users\/1"}],"replies":[{"embeddable":true,"href":"https:\/\/suncoast.lv\/en\/wp-json\/wp\/v2\/comments?post=7166"}],"version-history":[{"count":3,"href":"https:\/\/suncoast.lv\/en\/wp-json\/wp\/v2\/pages\/7166\/revisions"}],"predecessor-version":[{"id":7554,"href":"https:\/\/suncoast.lv\/en\/wp-json\/wp\/v2\/pages\/7166\/revisions\/7554"}],"wp:attachment":[{"href":"https:\/\/suncoast.lv\/en\/wp-json\/wp\/v2\/media?parent=7166"}],"curies":[{"name":"wp","href":"https:\/\/api.w.org\/{rel}","templated":true}]}}