{"id":7305,"date":"2026-01-23T18:55:08","date_gmt":"2026-01-23T16:55:08","guid":{"rendered":"https:\/\/suncoast.lv\/?page_id=7305"},"modified":"2026-02-18T11:28:50","modified_gmt":"2026-02-18T09:28:50","slug":"relaksacijas-zona","status":"publish","type":"page","link":"https:\/\/suncoast.lv\/en\/relaxation-zone\/","title":{"rendered":"SPA"},"content":{"rendered":"<p><style>@media (min-width: 992px) { .liquid-row-responsive-69ea144cb9854 {padding-top:180px !important;  }  }    <\/style><section data-row-bg=\"https:\/\/suncoast.lv\/wp-content\/uploads\/2026\/01\/spa_header.jpg?id=7343\" data-bg-image=\"url\" class=\"vc_row vc_custom_1769419243984 liquid-row-responsive-69ea144cb9854 liquid-row-shadowbox-69ea144cb987c vc_row-has-fill vc_row-has-bg lqd-has-bg-markup row-bg-appended\"><span class=\"row-bg-loader\"><\/span><div class=\"row-bg-wrap\">\n\t\t<div class=\"row-bg-inner\">\n\t\t\t<figure class=\"row-bg\" ><\/figure>\n\t\t<\/div>\n\t<\/div><div class=\"liquid-row-overlay\" style=\"background:rgba(0, 0, 0, 0.5)\"><\/div><div class=\"ld-container container\"><div class=\"row ld-row ld-row-outer\"><div class=\"wpb_column vc_column_container vc_col-sm-12 vc_col-md-offset-3 vc_col-md-6 text-center liquid-column-69ea144cba26f\"><div class=\"vc_column-inner\" ><div class=\"wpb_wrapper\"  data-custom-animations=\"true\" data-ca-options='{\"triggerHandler\":\"inview\",\"animationTarget\":\"all-childs\",\"duration\":\"1600\",\"delay\":\"160\",\"ease\":\"power4.out\",\"direction\":\"forward\",\"initValues\":{\"y\":70,\"transformOriginX\":50,\"transformOriginY\":50,\"transformOriginZ\":\"0px\",\"opacity\":0},\"animations\":{\"y\":0,\"transformOriginX\":50,\"transformOriginY\":50,\"transformOriginZ\":\"0px\",\"opacity\":1}}'><style>.ld_fancy_heading_69ea144cba468 h2{color:rgb(255, 255, 255);}.ld_fancy_heading_69ea144cba468 h2 {margin-bottom:30px !important;  } .ld_fancy_heading_69ea144cba468 .lqd-highlight-inner svg{height:0.275em!important;fill:rgb(237, 32, 125)!important;}.ld_fancy_heading_69ea144cba468 h2 {margin-bottom:30px !important;  } .ld_fancy_heading_69ea144cba468 .lqd-highlight-inner{bottom:5px!important;}.ld_fancy_heading_69ea144cba468 h2 {margin-bottom:30px !important;  } <\/style><div class=\"ld-fancy-heading mask-text text-uppercase ld_fancy_heading_69ea144cba468\">\n\t<h2 class=\"ld-fh-element lqd-highlight-custom-underline lqd-highlight-grow-left text-decoration-default lqd-split-lines\"   data-split-text=\"true\" data-split-options='{\"type\":\"lines\"}'>  Relaxation Area<\/h2><\/div><style>.ld_fancy_heading_69ea144cbca3f p{color:rgb(255, 255, 255);}.ld_fancy_heading_69ea144cbca3f p {font-size:16px; } .ld_fancy_heading_69ea144cbca3f p {line-height:1.5em; } .ld_fancy_heading_69ea144cbca3f p {--element-line-height:1.5em; } .ld_fancy_heading_69ea144cbca3f .lqd-highlight-inner{height:0.275em!important;bottom:0px!important;}.ld_fancy_heading_69ea144cbca3f p {font-size:16px; } .ld_fancy_heading_69ea144cbca3f p {line-height:1.5em; } .ld_fancy_heading_69ea144cbca3f p {--element-line-height:1.5em; } <\/style><div class=\"ld-fancy-heading ld_fancy_heading_69ea144cbca3f\">\n\t<p class=\"ld-fh-element lqd-highlight-underline lqd-highlight-grow-left text-decoration-default lqd-split-lines\"   data-split-text=\"true\" data-split-options='{\"type\":\"lines\"}'>  The spa area is a peaceful relaxation space created for complete relaxation and well-being. It features a sauna, steam bath, jacuzzi and relaxation zones, where natural materials, soft lighting and harmonious design create a soothing environment for body and mind renewal.<\/p><\/div><\/div><\/div><\/div><\/div><\/div><\/section><style>@media (min-width: 992px) { .liquid-row-responsive-69ea144cbd015 {margin-right:3vw !important; padding-top:80px !important;  }  }    <\/style><section data-custom-animations=\"true\" data-ca-options='{\"triggerHandler\":\"inview\",\"animationTarget\":\".wpb_column\",\"duration\":1600,\"delay\":\"250\",\"ease\":\"power4.out\",\"direction\":\"forward\",\"initValues\":{\"opacity\":0},\"animations\":{\"opacity\":1}}' class=\"vc_row vc_custom_1769188357331 liquid-row-responsive-69ea144cbd015 liquid-row-shadowbox-69ea144cbd037\"><div class=\"ld-container container-fluid\"><div class=\"row ld-row ld-row-outer\"><style>@media (min-width: 992px) { .liquid-column-responsive-69ea144cbd55c > .vc_column-inner {padding-bottom:0px !important;  }  } <\/style><div class=\"wpb_column vc_column_container vc_col-sm-12 vc_col-lg-offset-1 vc_col-lg-3 vc_col-md-4 liquid-column-69ea144cbd55a liquid-column-responsive-69ea144cbd55c\"><div class=\"vc_column-inner  vc_custom_1730886019221\" ><div class=\"wpb_wrapper\"  ><style>.ld_fancy_heading_69ea144cbd73f h2{color:#dfc08f;}.ld_fancy_heading_69ea144cbd73f h2 {font-size:38px; } .ld_fancy_heading_69ea144cbd73f h2 {line-height:1em; } .ld_fancy_heading_69ea144cbd73f h2 {--element-line-height:1em; } .ld_fancy_heading_69ea144cbd73f .lqd-highlight-inner{height:0.275em!important;bottom:0px!important;}.ld_fancy_heading_69ea144cbd73f h2 {font-size:38px; } .ld_fancy_heading_69ea144cbd73f h2 {line-height:1em; } .ld_fancy_heading_69ea144cbd73f h2 {--element-line-height:1em; } <\/style><div class=\"ld-fancy-heading ld_fancy_heading_69ea144cbd73f\">\n\t<h2 class=\"ld-fh-element lqd-highlight-underline lqd-highlight-grow-left text-decoration-default\"   >  Steam baths and saunas<\/h2><\/div><style>.ld_fancy_heading_69ea144cbd9e1 p{color:rgb(255, 255, 255);}.ld_fancy_heading_69ea144cbd9e1 p {font-size:15px; } .ld_fancy_heading_69ea144cbd9e1 p {line-height:1.46em; } .ld_fancy_heading_69ea144cbd9e1 p {--element-line-height:1.46em; } .ld_fancy_heading_69ea144cbd9e1 p {margin-bottom:1.5em !important;  } .ld_fancy_heading_69ea144cbd9e1 .lqd-highlight-inner{height:0.275em!important;bottom:0px!important;}.ld_fancy_heading_69ea144cbd9e1 p {font-size:15px; } .ld_fancy_heading_69ea144cbd9e1 p {line-height:1.46em; } .ld_fancy_heading_69ea144cbd9e1 p {--element-line-height:1.46em; } .ld_fancy_heading_69ea144cbd9e1 p {margin-bottom:1.5em !important;  } <\/style><div class=\"ld-fancy-heading ld_fancy_heading_69ea144cbd9e1\">\n\t<p class=\"ld-fh-element lqd-highlight-underline lqd-highlight-grow-left text-decoration-default\"   >  Enjoy relaxation in our spa area \u2013 two saunas at different temperatures and two steam rooms will help you restore your energy and recharge your body and mind.<\/p><\/div><\/div><\/div><\/div><style>@media (min-width: 992px) { .liquid-column-responsive-69ea144cbe00c > .vc_column-inner {margin-top:70px !important; padding-bottom:0px !important;  }  } <\/style><div class=\"wpb_column vc_column_container vc_col-sm-12 vc_col-lg-offset-1 vc_col-lg-3 vc_col-md-4 liquid-column-69ea144cbe009 liquid-column-responsive-69ea144cbe00c\"><div class=\"vc_column-inner  vc_custom_1730886039097\" ><div class=\"wpb_wrapper\"  ><style>.ld_fancy_heading_69ea144cbe1db h2{color:#dfc08f;}.ld_fancy_heading_69ea144cbe1db h2 {font-size:38px; } .ld_fancy_heading_69ea144cbe1db h2 {line-height:1em; } .ld_fancy_heading_69ea144cbe1db h2 {--element-line-height:1em; } .ld_fancy_heading_69ea144cbe1db .lqd-highlight-inner{height:0.275em!important;bottom:0px!important;}.ld_fancy_heading_69ea144cbe1db h2 {font-size:38px; } .ld_fancy_heading_69ea144cbe1db h2 {line-height:1em; } .ld_fancy_heading_69ea144cbe1db h2 {--element-line-height:1em; } <\/style><div class=\"ld-fancy-heading ld_fancy_heading_69ea144cbe1db\">\n\t<h2 class=\"ld-fh-element lqd-highlight-underline lqd-highlight-grow-left text-decoration-default\"   >  Jacuzzi<\/h2><\/div><style>.ld_fancy_heading_69ea144cbe452 p{color:rgb(255, 255, 255);}.ld_fancy_heading_69ea144cbe452 p {font-size:15px; } .ld_fancy_heading_69ea144cbe452 p {line-height:1.46em; } .ld_fancy_heading_69ea144cbe452 p {--element-line-height:1.46em; } .ld_fancy_heading_69ea144cbe452 p {margin-bottom:1.5em !important;  } .ld_fancy_heading_69ea144cbe452 .lqd-highlight-inner{height:0.275em!important;bottom:0px!important;}.ld_fancy_heading_69ea144cbe452 p {font-size:15px; } .ld_fancy_heading_69ea144cbe452 p {line-height:1.46em; } .ld_fancy_heading_69ea144cbe452 p {--element-line-height:1.46em; } .ld_fancy_heading_69ea144cbe452 p {margin-bottom:1.5em !important;  } <\/style><div class=\"ld-fancy-heading ld_fancy_heading_69ea144cbe452\">\n\t<p class=\"ld-fh-element lqd-highlight-underline lqd-highlight-grow-left text-decoration-default\"   >  Relax in the bubbling jacuzzi while enjoying an unforgettable sea view \u2013 the perfect spot for a peaceful moment.<\/p><\/div><\/div><\/div><\/div><style>@media (min-width: 992px) { .liquid-column-responsive-69ea144cbea53 > .vc_column-inner {margin-top:140px !important;  }  } <\/style><div class=\"wpb_column vc_column_container vc_col-sm-12 vc_col-lg-offset-1 vc_col-lg-3 vc_col-md-4 liquid-column-69ea144cbea50 liquid-column-responsive-69ea144cbea53\"><div class=\"vc_column-inner\" ><div class=\"wpb_wrapper\"  ><style>.ld_fancy_heading_69ea144cbec35 h2{color:#dfc08f;}.ld_fancy_heading_69ea144cbec35 h2 {font-size:38px; } .ld_fancy_heading_69ea144cbec35 h2 {line-height:1em; } .ld_fancy_heading_69ea144cbec35 h2 {--element-line-height:1em; } .ld_fancy_heading_69ea144cbec35 .lqd-highlight-inner{height:0.275em!important;bottom:0px!important;}.ld_fancy_heading_69ea144cbec35 h2 {font-size:38px; } .ld_fancy_heading_69ea144cbec35 h2 {line-height:1em; } .ld_fancy_heading_69ea144cbec35 h2 {--element-line-height:1em; } <\/style><div class=\"ld-fancy-heading ld_fancy_heading_69ea144cbec35\">\n\t<h2 class=\"ld-fh-element lqd-highlight-underline lqd-highlight-grow-left text-decoration-default\"   >  Treatment and massage rooms<\/h2><\/div><style>.ld_fancy_heading_69ea144cbeef5 p{color:rgb(255, 255, 255);}.ld_fancy_heading_69ea144cbeef5 p {font-size:15px; } .ld_fancy_heading_69ea144cbeef5 p {line-height:1.46em; } .ld_fancy_heading_69ea144cbeef5 p {--element-line-height:1.46em; } .ld_fancy_heading_69ea144cbeef5 p {margin-bottom:1.5em !important;  } .ld_fancy_heading_69ea144cbeef5 .lqd-highlight-inner{height:0.275em!important;bottom:0px!important;}.ld_fancy_heading_69ea144cbeef5 p {font-size:15px; } .ld_fancy_heading_69ea144cbeef5 p {line-height:1.46em; } .ld_fancy_heading_69ea144cbeef5 p {--element-line-height:1.46em; } .ld_fancy_heading_69ea144cbeef5 p {margin-bottom:1.5em !important;  } <\/style><div class=\"ld-fancy-heading ld_fancy_heading_69ea144cbeef5\">\n\t<p class=\"ld-fh-element lqd-highlight-underline lqd-highlight-grow-left text-decoration-default\"   >  Enjoy relaxing massages and personalized treatments designed to restore your energy, reduce stress, and improve your well-being.<\/p><\/div><\/div><\/div><\/div><\/div><\/div><\/section><section id=\"mobile\" class=\"vc_row hidden-md hidden-lg vc_custom_1771406760704 liquid-row-shadowbox-69ea144cbf492 vc_row-has-fill\"><div class=\"lqd-vbg-wrap\">\n\t\t\t\t<div class=\"lqd-vbg-inner\">\n\t\t\t\t\t<span class=\"lqd-vbg-loader\"><\/span>\n\t\t\t\t\t<div\n\t\t\t\t\t\tclass=\"lqd-vbg-video\"\n\t\t\t\t\t\tdata-video-bg=\"true\"\n\t\t\t\t\t\tdata-youtube-options='{\"videoURL\":\"https:\\\/\\\/www.youtube.com\\\/watch?v=0nnO_SSS3GI\"}'>\n\t\t\t\t\t<\/div>\n\t\t\t<\/div>\n\t\t<\/div><div class=\"ld-container container\"><div class=\"row ld-row ld-row-outer\"><div class=\"wpb_column vc_column_container vc_col-sm-12 liquid-column-69ea144cc25d2\"><div class=\"vc_column-inner\" ><div class=\"wpb_wrapper\"  ><\/div><\/div><\/div><\/div><\/div><\/section><section id=\"desktop\" class=\"vc_row hidden-xs hidden-sm vc_custom_1771406927870 liquid-row-shadowbox-69ea144cc28df\"><div class=\"ld-container container\"><div class=\"row ld-row ld-row-outer\"><div class=\"wpb_column vc_column_container vc_col-sm-12 liquid-column-69ea144cc2d12 vc_col-has-fill\"><div class=\"vc_column-inner  vc_custom_1771406884623\" ><div class=\"lqd-vbg-wrap\">\n\t\t\t\t\t\t<div class=\"lqd-vbg-inner\">\n\t\t\t\t\t\t\t<span class=\"lqd-vbg-loader\"><\/span>\n\t\t\t\t\t\t\t<div\n\t\t\t\t\t\t\t\tclass=\"lqd-vbg-video\"\n\t\t\t\t\t\t\t\tdata-video-bg=\"true\"\n\t\t\t\t\t\t\t\tdata-youtube-options='{\"videoURL\":\"https:\\\/\\\/www.youtube.com\\\/watch?v=0nnO_SSS3GI\"}'>\n\t\t\t\t\t\t\t<\/div>\n\t\t\t\t\t<\/div>\n\t\t\t\t<\/div><div class=\"wpb_wrapper\"  ><\/div><\/div><\/div><\/div><\/div><\/section><style>@media (min-width: 992px) { .liquid-row-responsive-69ea144cc36f6 {padding-right:3vw !important; padding-bottom:50px !important; padding-left:3vw !important;  }  }    <\/style><section class=\"vc_row vc_custom_1769188277417 liquid-row-responsive-69ea144cc36f6 liquid-row-shadowbox-69ea144cc3718\"><div class=\"ld-container container-fluid\"><div class=\"row ld-row ld-row-outer vc_row-o-content-middle vc_row-flex\"><style>@media (min-width: 992px) { .liquid-column-responsive-69ea144cc3c24 > .vc_column-inner {padding-bottom:0px !important;  }  } <\/style><div class=\"wpb_column vc_column_container vc_col-sm-12 text-center liquid-column-69ea144cc3c21 liquid-column-responsive-69ea144cc3c24\"><div class=\"vc_column-inner  vc_custom_1769418941802\" ><div class=\"wpb_wrapper\"  ><style>.ld_button_69ea144cc3dd7.btn-icon-solid .btn-icon{background:#dfc08f;}.ld_button_69ea144cc3dd7.btn-icon-circle.btn-icon-ripple .btn-icon:before{border-color:#dfc08f;}.ld_button_69ea144cc3dd7{color:#dfc08f;}.ld_button_69ea144cc3dd7:before{background:#dfc08f;}.ld_button_69ea144cc3dd7 {font-size:13px; } .ld_button_69ea144cc3dd7 {font-weight:400; } .ld_button_69ea144cc3dd7 {font-size:13px; } .ld_button_69ea144cc3dd7 {font-weight:400; } .ld_button_69ea144cc3dd7 {font-size:13px; } .ld_button_69ea144cc3dd7 {font-weight:400; } .ld_button_69ea144cc3dd7 {font-size:13px; } .ld_button_69ea144cc3dd7 {font-weight:400; } <\/style><a href=\"https:\/\/suncoast.lv\/galerija\/#spa\" title=\"Gallery\" class=\"btn btn-underlined text-uppercase border-thin btn-has-label ld_button_69ea144cc3dd7\" >\n\t<span>\n\t\n\t\t\t\t\t<span class=\"btn-txt\" data-text=\"Skat\u012bt vair\u0101k SPA att\u0113lus\" >See more Relaxation Area photos<\/span>\n\t\t\n\t\t\t\t\t<\/span>\n<\/a>\n<\/div><\/div><\/div><style>@media (min-width: 992px) { .liquid-column-responsive-69ea144cc4cc7 > .vc_column-inner {padding-right:1.5vw !important;  }  } <\/style><div class=\"wpb_column vc_column_container vc_col-sm-4 text-center liquid-column-69ea144cc4cc2 liquid-column-responsive-69ea144cc4cc7 vc_col-has-fill\" data-parallax=\"true\" data-parallax-from='{\"y\":100}' data-parallax-to='{\"y\":-80}' data-parallax-options='{\"ease\":\"linear\",\"start\":\"top bottom\"}'><div class=\"vc_column-inner\" ><div class=\"wpb_wrapper\"  ><style>.ld_images_group_element_69ea144cc4ec6 {margin-bottom:30px !important;  } .ld_images_group_element_69ea144cc4ec6 {margin-bottom:30px !important;  } <\/style><div id=\"ld_images_group_element_69ea144cc4ec6\" class=\"lqd-imggrp-single ld_images_group_element_69ea144cc4ec6\"   >\n\t\n\t<div class=\"lqd-imggrp-img-container\"    data-parallax=\"true\" data-parallax-from='{\"scaleX\":1.2,\"scaleY\":1.2}' data-parallax-to='{\"scaleX\":1,\"scaleY\":1}' data-parallax-options='{\"overflowHidden\":true,\"ease\":\"linear\",\"start\":\"top bottom\"}'>\n\t\t\n\t\t\t\t\n\t\t\t\t<figure ><img decoding=\"async\" width=\"375\" height=\"500\" src=\"https:\/\/suncoast.lv\/wp-content\/uploads\/2026\/01\/6.jpg\" srcset=\"https:\/\/suncoast.lv\/wp-content\/uploads\/2026\/01\/6-225x300.jpg 225w, https:\/\/suncoast.lv\/wp-content\/uploads\/2026\/01\/6-9x12.jpg 9w, https:\/\/suncoast.lv\/wp-content\/uploads\/2026\/01\/6.jpg 750w\" class=\"\" alt=\"\" itemprop=\"image\" \/><\/figure>\t\t\t\t\t\t<a href=\"https:\/\/suncoast.lv\/wp-content\/uploads\/2026\/01\/6.jpg\" class=\"lqd-overlay lqd-fi-overlay-link lqd-cc-label-trigger fresco\" data-fresco-group=\"spa\"><\/a>\t\t\n\t<\/div><!-- \/.lqd-imggrp-content -->\n<\/div><!-- \/.lqd-imggrp-single --><\/div><\/div><\/div><style>@media (min-width: 992px) { .liquid-column-responsive-69ea144cc84b1 > .vc_column-inner {padding-right:1.5vw !important; padding-left:1.5vw !important;  }  } <\/style><div class=\"wpb_column vc_column_container vc_col-sm-4 text-center liquid-column-69ea144cc84ad liquid-column-responsive-69ea144cc84b1 vc_col-has-fill\" data-parallax=\"true\" data-parallax-from='{\"y\":130}' data-parallax-to='{\"y\":-80}' data-parallax-options='{\"ease\":\"linear\",\"start\":\"top bottom\"}'><div class=\"vc_column-inner\" ><div class=\"wpb_wrapper\"  ><style>.ld_images_group_element_69ea144cc85fd {margin-bottom:30px !important;  } .ld_images_group_element_69ea144cc85fd {margin-bottom:30px !important;  } <\/style><div id=\"ld_images_group_element_69ea144cc85fd\" class=\"lqd-imggrp-single ld_images_group_element_69ea144cc85fd\"   >\n\t\n\t<div class=\"lqd-imggrp-img-container\"    data-parallax=\"true\" data-parallax-from='{\"scaleX\":1.2,\"scaleY\":1.2}' data-parallax-to='{\"scaleX\":1,\"scaleY\":1}' data-parallax-options='{\"overflowHidden\":true,\"ease\":\"linear\",\"start\":\"top bottom\"}'>\n\t\t\n\t\t\t\t\n\t\t\t\t<figure ><img decoding=\"async\" width=\"375\" height=\"500\" src=\"data:image\/svg+xml;charset=utf-8,%3Csvg xmlns%3D&#039;http%3A%2F%2Fwww.w3.org%2F2000%2Fsvg&#039; viewBox%3D&#039;0 0 750 1000&#039;%2F%3E\" class=\"ld-lazyload\" alt=\"\" itemprop=\"image\" data-src=\"https:\/\/suncoast.lv\/wp-content\/uploads\/2026\/01\/5.jpg\" data-srcset=\"https:\/\/suncoast.lv\/wp-content\/uploads\/2026\/01\/5-225x300.jpg 225w, https:\/\/suncoast.lv\/wp-content\/uploads\/2026\/01\/5-9x12.jpg 9w, https:\/\/suncoast.lv\/wp-content\/uploads\/2026\/01\/5.jpg 750w\" data-aspect=\"0.75\" \/><\/figure>\t\t\t\t\t\t<a href=\"https:\/\/suncoast.lv\/wp-content\/uploads\/2026\/01\/5.jpg\" class=\"lqd-overlay lqd-fi-overlay-link lqd-cc-label-trigger fresco\" data-fresco-group=\"spa\"><\/a>\t\t\n\t<\/div><!-- \/.lqd-imggrp-content -->\n<\/div><!-- \/.lqd-imggrp-single --><\/div><\/div><\/div><style>@media (min-width: 992px) { .liquid-column-responsive-69ea144cd827c > .vc_column-inner {padding-left:1.5vw !important;  }  } <\/style><div class=\"wpb_column vc_column_container vc_col-sm-4 text-center liquid-column-69ea144cd8279 liquid-column-responsive-69ea144cd827c vc_col-has-fill\" data-parallax=\"true\" data-parallax-from='{\"y\":80}' data-parallax-to='{\"y\":-140}' data-parallax-options='{\"ease\":\"linear\",\"start\":\"top bottom\"}'><div class=\"vc_column-inner\" ><div class=\"wpb_wrapper\"  ><style>.ld_images_group_element_69ea144cd83b3 {margin-bottom:30px !important;  } .ld_images_group_element_69ea144cd83b3 {margin-bottom:30px !important;  } <\/style><div id=\"ld_images_group_element_69ea144cd83b3\" class=\"lqd-imggrp-single ld_images_group_element_69ea144cd83b3\"   >\n\t\n\t<div class=\"lqd-imggrp-img-container\"    data-parallax=\"true\" data-parallax-from='{\"scaleX\":1.2,\"scaleY\":1.2}' data-parallax-to='{\"scaleX\":1,\"scaleY\":1}' data-parallax-options='{\"overflowHidden\":true,\"ease\":\"linear\",\"start\":\"top bottom\"}'>\n\t\t\n\t\t\t\t\n\t\t\t\t<figure ><img decoding=\"async\" width=\"375\" height=\"500\" src=\"data:image\/svg+xml;charset=utf-8,%3Csvg xmlns%3D&#039;http%3A%2F%2Fwww.w3.org%2F2000%2Fsvg&#039; viewBox%3D&#039;0 0 750 1000&#039;%2F%3E\" class=\"ld-lazyload\" alt=\"\" itemprop=\"image\" data-src=\"https:\/\/suncoast.lv\/wp-content\/uploads\/2026\/01\/10.jpg\" data-srcset=\"https:\/\/suncoast.lv\/wp-content\/uploads\/2026\/01\/10-225x300.jpg 225w, https:\/\/suncoast.lv\/wp-content\/uploads\/2026\/01\/10-9x12.jpg 9w, https:\/\/suncoast.lv\/wp-content\/uploads\/2026\/01\/10.jpg 750w\" data-aspect=\"0.75\" \/><\/figure>\t\t\t\t\t\t<a href=\"https:\/\/suncoast.lv\/wp-content\/uploads\/2026\/01\/10.jpg\" class=\"lqd-overlay lqd-fi-overlay-link lqd-cc-label-trigger fresco\" data-fresco-group=\"spa\"><\/a>\t\t\n\t<\/div><!-- \/.lqd-imggrp-content -->\n<\/div><!-- \/.lqd-imggrp-single --><\/div><\/div><\/div><\/div><\/div><\/section>","protected":false},"excerpt":{"rendered":"Relaks\u0101cijas SPA zona Spa zona ir mierpilna atp\u016btas telpa, kas rad\u012bta piln\u012bgai relaks\u0101cijai un labsaj\u016btai. Taj\u0101 pieejama sauna, tvaika pirts, d\u017eakuzi un atp\u016btas zonas, kur dab\u012bgi materi\u0101li, maigs apgaismojums un harmonisks dizains veido nomierino\u0161u vidi \u0137erme\u0146a un pr\u0101ta atjauno\u0161anai. Tvaika pirtis un saunas Izbaudi relaks\u0101ciju m\u016bsu spa zon\u0101 \u2013 divas saunas ar da\u017e\u0101du temperat\u016bru un [...]","protected":false},"author":1,"featured_media":0,"parent":0,"menu_order":0,"comment_status":"closed","ping_status":"closed","template":"","meta":{"footnotes":""},"class_list":["post-7305","page","type-page","status-publish","hentry"],"yoast_head":"<!-- This site is optimized with the Yoast SEO plugin v27.4 - https:\/\/yoast.com\/product\/yoast-seo-wordpress\/ -->\n<title>SPA - Sun Coast<\/title>\n<meta name=\"robots\" content=\"index, follow, max-snippet:-1, max-image-preview:large, max-video-preview:-1\" \/>\n<link rel=\"canonical\" href=\"https:\/\/suncoast.lv\/en\/relaksacijas-zona\/\" \/>\n<meta property=\"og:locale\" content=\"en_GB\" \/>\n<meta property=\"og:type\" content=\"article\" \/>\n<meta property=\"og:title\" content=\"SPA - Sun Coast\" \/>\n<meta property=\"og:url\" content=\"https:\/\/suncoast.lv\/en\/relaksacijas-zona\/\" \/>\n<meta property=\"og:site_name\" content=\"Sun Coast\" \/>\n<meta property=\"article:modified_time\" content=\"2026-02-18T09:28:50+00:00\" \/>\n<meta name=\"twitter:card\" content=\"summary_large_image\" \/>\n<meta name=\"twitter:label1\" content=\"Estimated reading time\" \/>\n\t<meta name=\"twitter:data1\" content=\"2 minutes\" \/>\n<script type=\"application\/ld+json\" class=\"yoast-schema-graph\">{\"@context\":\"https:\\\/\\\/schema.org\",\"@graph\":[{\"@type\":\"WebPage\",\"@id\":\"https:\\\/\\\/suncoast.lv\\\/relaksacijas-zona\\\/\",\"url\":\"https:\\\/\\\/suncoast.lv\\\/relaksacijas-zona\\\/\",\"name\":\"SPA - Sun Coast\",\"isPartOf\":{\"@id\":\"https:\\\/\\\/suncoast.lv\\\/#website\"},\"datePublished\":\"2026-01-23T16:55:08+00:00\",\"dateModified\":\"2026-02-18T09:28:50+00:00\",\"breadcrumb\":{\"@id\":\"https:\\\/\\\/suncoast.lv\\\/relaksacijas-zona\\\/#breadcrumb\"},\"inLanguage\":\"en-GB\",\"potentialAction\":[{\"@type\":\"ReadAction\",\"target\":[\"https:\\\/\\\/suncoast.lv\\\/relaksacijas-zona\\\/\"]}]},{\"@type\":\"BreadcrumbList\",\"@id\":\"https:\\\/\\\/suncoast.lv\\\/relaksacijas-zona\\\/#breadcrumb\",\"itemListElement\":[{\"@type\":\"ListItem\",\"position\":1,\"name\":\"Home\",\"item\":\"https:\\\/\\\/suncoast.lv\\\/\"},{\"@type\":\"ListItem\",\"position\":2,\"name\":\"SPA\"}]},{\"@type\":\"WebSite\",\"@id\":\"https:\\\/\\\/suncoast.lv\\\/#website\",\"url\":\"https:\\\/\\\/suncoast.lv\\\/\",\"name\":\"Sun Coast\",\"description\":\"Dizainiski apartamenti Saulkrastos\",\"publisher\":{\"@id\":\"https:\\\/\\\/suncoast.lv\\\/#organization\"},\"potentialAction\":[{\"@type\":\"SearchAction\",\"target\":{\"@type\":\"EntryPoint\",\"urlTemplate\":\"https:\\\/\\\/suncoast.lv\\\/?s={search_term_string}\"},\"query-input\":{\"@type\":\"PropertyValueSpecification\",\"valueRequired\":true,\"valueName\":\"search_term_string\"}}],\"inLanguage\":\"en-GB\"},{\"@type\":\"Organization\",\"@id\":\"https:\\\/\\\/suncoast.lv\\\/#organization\",\"name\":\"Sun Coast\",\"url\":\"https:\\\/\\\/suncoast.lv\\\/\",\"logo\":{\"@type\":\"ImageObject\",\"inLanguage\":\"en-GB\",\"@id\":\"https:\\\/\\\/suncoast.lv\\\/#\\\/schema\\\/logo\\\/image\\\/\",\"url\":\"\",\"contentUrl\":\"\",\"caption\":\"Sun Coast\"},\"image\":{\"@id\":\"https:\\\/\\\/suncoast.lv\\\/#\\\/schema\\\/logo\\\/image\\\/\"}}]}<\/script>\n<!-- \/ Yoast SEO plugin. -->","yoast_head_json":{"title":"SPA - Sun Coast","robots":{"index":"index","follow":"follow","max-snippet":"max-snippet:-1","max-image-preview":"max-image-preview:large","max-video-preview":"max-video-preview:-1"},"canonical":"https:\/\/suncoast.lv\/en\/relaksacijas-zona\/","og_locale":"en_GB","og_type":"article","og_title":"SPA - Sun Coast","og_url":"https:\/\/suncoast.lv\/en\/relaksacijas-zona\/","og_site_name":"Sun Coast","article_modified_time":"2026-02-18T09:28:50+00:00","twitter_card":"summary_large_image","twitter_misc":{"Estimated reading time":"2 minutes"},"schema":{"@context":"https:\/\/schema.org","@graph":[{"@type":"WebPage","@id":"https:\/\/suncoast.lv\/relaksacijas-zona\/","url":"https:\/\/suncoast.lv\/relaksacijas-zona\/","name":"SPA - Sun Coast","isPartOf":{"@id":"https:\/\/suncoast.lv\/#website"},"datePublished":"2026-01-23T16:55:08+00:00","dateModified":"2026-02-18T09:28:50+00:00","breadcrumb":{"@id":"https:\/\/suncoast.lv\/relaksacijas-zona\/#breadcrumb"},"inLanguage":"en-GB","potentialAction":[{"@type":"ReadAction","target":["https:\/\/suncoast.lv\/relaksacijas-zona\/"]}]},{"@type":"BreadcrumbList","@id":"https:\/\/suncoast.lv\/relaksacijas-zona\/#breadcrumb","itemListElement":[{"@type":"ListItem","position":1,"name":"Home","item":"https:\/\/suncoast.lv\/"},{"@type":"ListItem","position":2,"name":"SPA"}]},{"@type":"WebSite","@id":"https:\/\/suncoast.lv\/#website","url":"https:\/\/suncoast.lv\/","name":"Sun Coast","description":"Dizainiski apartamenti Saulkrastos","publisher":{"@id":"https:\/\/suncoast.lv\/#organization"},"potentialAction":[{"@type":"SearchAction","target":{"@type":"EntryPoint","urlTemplate":"https:\/\/suncoast.lv\/?s={search_term_string}"},"query-input":{"@type":"PropertyValueSpecification","valueRequired":true,"valueName":"search_term_string"}}],"inLanguage":"en-GB"},{"@type":"Organization","@id":"https:\/\/suncoast.lv\/#organization","name":"Sun Coast","url":"https:\/\/suncoast.lv\/","logo":{"@type":"ImageObject","inLanguage":"en-GB","@id":"https:\/\/suncoast.lv\/#\/schema\/logo\/image\/","url":"","contentUrl":"","caption":"Sun Coast"},"image":{"@id":"https:\/\/suncoast.lv\/#\/schema\/logo\/image\/"}}]}},"_links":{"self":[{"href":"https:\/\/suncoast.lv\/en\/wp-json\/wp\/v2\/pages\/7305","targetHints":{"allow":["GET"]}}],"collection":[{"href":"https:\/\/suncoast.lv\/en\/wp-json\/wp\/v2\/pages"}],"about":[{"href":"https:\/\/suncoast.lv\/en\/wp-json\/wp\/v2\/types\/page"}],"author":[{"embeddable":true,"href":"https:\/\/suncoast.lv\/en\/wp-json\/wp\/v2\/users\/1"}],"replies":[{"embeddable":true,"href":"https:\/\/suncoast.lv\/en\/wp-json\/wp\/v2\/comments?post=7305"}],"version-history":[{"count":39,"href":"https:\/\/suncoast.lv\/en\/wp-json\/wp\/v2\/pages\/7305\/revisions"}],"predecessor-version":[{"id":7564,"href":"https:\/\/suncoast.lv\/en\/wp-json\/wp\/v2\/pages\/7305\/revisions\/7564"}],"wp:attachment":[{"href":"https:\/\/suncoast.lv\/en\/wp-json\/wp\/v2\/media?parent=7305"}],"curies":[{"name":"wp","href":"https:\/\/api.w.org\/{rel}","templated":true}]}}